{"id":456,"date":"2024-05-08T17:05:52","date_gmt":"2024-05-08T15:05:52","guid":{"rendered":"https:\/\/transrapit.panelserver.eu\/politica-de-privacitat\/"},"modified":"2024-05-15T13:32:17","modified_gmt":"2024-05-15T11:32:17","slug":"politique-de-confidentialite","status":"publish","type":"page","link":"https:\/\/transrapit.com\/fr\/politique-de-confidentialite\/","title":{"rendered":"Politique de confidentialit\u00e9"},"content":{"rendered":"\t\t<div data-elementor-type=\"wp-page\" data-elementor-id=\"456\" class=\"elementor elementor-456 elementor-169\" data-elementor-post-type=\"page\">\n\t\t\t\t<div class=\"elementor-element elementor-element-4556d74 e-flex e-con-boxed e-con e-parent\" data-id=\"4556d74\" data-element_type=\"container\">\n\t\t\t\t\t<div class=\"e-con-inner\">\n\t\t\t\t<div class=\"elementor-element elementor-element-eaf9ba4 elementor-widget elementor-widget-heading\" data-id=\"eaf9ba4\" data-element_type=\"widget\" data-widget_type=\"heading.default\">\n\t\t\t\t<div class=\"elementor-widget-container\">\n\t\t\t<h2 class=\"elementor-heading-title elementor-size-default\">Politique de confidentialit\u00e9<\/h2>\t\t<\/div>\n\t\t\t\t<\/div>\n\t\t\t\t<div class=\"elementor-element elementor-element-f559fa1 elementor-widget elementor-widget-text-editor\" data-id=\"f559fa1\" data-element_type=\"widget\" data-widget_type=\"text-editor.default\">\n\t\t\t\t<div class=\"elementor-widget-container\">\n\t\t\t\t\t\t\t<p><span style=\"font-weight: 400;\">Leur vie priv\u00e9e est importante pour nous, donc, par cette politique, nous vous expliquons les donn\u00e9es que nous collectons des utilisateurs, comment nous les utilisons et pourquoi, entre autres,<\/span>91919191&prime;.<\/p><p><span style=\"font-weight: 400;\">Pour votre information, nous ne demanderons jamais plus d\u2019informations que ce dont nous aurons r\u00e9ellement besoin pour les services requis; nous ne le partagerons jamais avec des tiers, sauf par obligation l\u00e9gale ou avec leur autorisation pr\u00e9alable; et nous n\u2019utiliserons jamais leurs donn\u00e9es pour une autre finalit\u00e9 qui n\u2019avait pas \u00e9t\u00e9 indiqu\u00e9e pr\u00e9c\u00e9demment.<\/span>91<\/p><p><span style=\"font-weight: 400;\">, en tant qu&rsquo;utilisateur, doit lire r\u00e9guli\u00e8rement cette politique de confidentialit\u00e9 et chaque fois qu&rsquo;il introduit ses donn\u00e9es personnelles, car ce document peut \u00eatre modifi\u00e9 car le pr\u00eateur peut modifier tout type d&rsquo;informations qui pourraient appara\u00eetre sur le Web pour respecter les r\u00e8gles ou mettre \u00e0 jour la politique, et sans qu&rsquo;il soit obligatoire d&rsquo;informer ou de rendre compte aux utilisateurs de ces obligations, la publication sur le site web du pr\u00eateur {879191) est suffisante.<\/span><\/p><p><span style=\"font-weight: 400;\">RESPONSABLE DU TRAITEMENT :<\/span><\/p><p><span style=\"font-weight: 400;\">Dennomination sociale : TRANSVIA RAPIT SL <\/span><\/p><p><span style=\"font-weight: 400;\">Domicile Social : SL CALLE PLIND CAMI DES MOINES H PARC, 35. 25190, LLEIDA ESPADAA.<\/span><\/p><p><span style=\"font-weight: 400;\">NIF : B25312497<\/span><\/p><p><span style=\"font-weight: 400;\">T\u00e9l\u00e9phone : 973 257 041<\/span><\/p><p><span style=\"font-weight: 400;\">E-Mail: rapit@transrapit.com<\/span><\/p><p><span style=\"font-weight: 400;\">site Web : https:\/\/transrapit.com\/<\/span><\/p><p>{7190 TransVIA RAPIT SL, en tant que responsable du site web, conform\u00e9ment au r\u00e8glement (UE) 2016\/679 du 27 avril 2016 (RGPD) relatif \u00e0 la protection des personnes physiques en ce qui concerne le traitement des donn\u00e9es \u00e0 caract\u00e8re personnel et la libre circulation de ces donn\u00e9es, ainsi que les autres dispositions en vigueur en mati\u00e8re de protection des donn\u00e9es \u00e0 caract\u00e8re personnel, et par la loi 34\/2002, du 11 juillet, la confidentialit\u00e9 des donn\u00e9es \u00e0 caract\u00e8re personnel<\/p><p><span style=\"font-weight: 400;\">M\u00c9THODE D&rsquo;OBTENTION DES DONN\u00c9ES ET LES DONN\u00c9ES COLLECT\u00c9ES :<\/span><\/p><p><span style=\"font-weight: 400;\">Les donn\u00e9es que nous collectons et la mani\u00e8re dont nous les obtenons sont les suivantes :<\/span><\/p><ul><li style=\"font-weight: 400;\" aria-level=\"1\"><span style=\"font-weight: 400;\">par formulaire de contact : nom, mail, t\u00e9l\u00e9phone, soci\u00e9t\u00e9<\/span><\/li><\/ul><p>\u00a0<\/p><p><span style=\"font-weight: 400;\">Aucune cat\u00e9gorie de donn\u00e9es particuli\u00e8rement prot\u00e9g\u00e9e n&rsquo;est trait\u00e9e.<\/span><\/p><p><span style=\"font-weight: 400;\">FINALIT\u00c9 DU TRAITEMENT :<\/span><\/p><p><span style=\"font-weight: 400;\">leurs donn\u00e9es personnelles ne seront utilis\u00e9es que pour les objectifs suivants, en donnant leur consentement pour chacune des finalit\u00e9s au paragraphe correspondant du site :<\/span><\/p><ul><li style=\"font-weight: 400;\" aria-level=\"1\"><span style=\"font-weight: 400;\">formulaire de contact : pour r\u00e9pondre aux requ\u00eates et \/ ou fournir des informations requises par l&rsquo;utilisateur ;<\/span><\/li><\/ul><p>\u00a0<\/p><p><span style=\"font-weight: 400;\">peut r\u00e9voquer \u00e0 tout moment son consentement en remettant un \u00e9crit dans l\u2019affaire EMAILBasse&rsquo; \u00e0 EMAILEMAIL&rsquo;<\/span><\/p><p><span style=\"font-weight: 400;\">D&rsquo;apr\u00e8s la LSSICE, TRANSVIA RAPIT SL n&rsquo;effectue pas de pratiques de SPAM, donc n&rsquo;envoie pas de courriers commerciaux par e-mail qui n&rsquo;ont pas \u00e9t\u00e9 pr\u00e9c\u00e9demment demand\u00e9s ou autoris\u00e9s par l&rsquo;Usuaire. Par cons\u00e9quent, dans toutes les communications que vous recevrez de fournisseur, l&rsquo;utilisateur a la possibilit\u00e9 d&rsquo;annuler son consentement explicite pour recevoir nos communications.<\/span><\/p><p><span style=\"font-weight: 400;\">, nous ne traiterons pas leurs donn\u00e9es personnelles pour d&rsquo;autres raisons que celles d\u00e9crites, sauf pour des obligations l\u00e9gales ou des exigences judiciaires.<\/span>91<\/p><p><span style=\"font-weight: 400;\">ne sera pas l&rsquo;objet de d\u00e9cisions bas\u00e9es sur des traitements automatis\u00e9s qui produiront des effets sur ses donn\u00e9es.<\/span><\/p><p><span style=\"font-weight: 400;\">L\u00c9GITIMATION DU TRAITEMENT<\/span><\/p><p><span style=\"font-weight: 400;\">La base l\u00e9gale pour le traitement des donn\u00e9es est son consentement donn\u00e9 au moment de donner ses donn\u00e9es dans le formulaire correspondant pour r\u00e9aliser les objectifs, lors du marquage de la case \u00e0 cocher. Le fait de ne pas fournir les donn\u00e9es personnelles demand\u00e9es ou de ne pas accepter cette politique de confidentialit\u00e9 signifie que nous ne pouvons pas atteindre les objectifs susmentionn\u00e9s.<\/span><\/p><p><span style=\"font-weight: 400;\">dans les cas o\u00f9 il existe une relation contractuelle entre les parties, la l\u00e9gitimation du d\u00e9veloppement des obligations qui en d\u00e9coulent sera l&rsquo;existence de la relation commerciale \u00e9tablie entre les parties.<\/span><\/p><p><span style=\"font-weight: 400;\">L&rsquo;offre prospective ou commerciale de produits et de services est bas\u00e9e sur le consentement demand\u00e9, sans que le retrait de ce consentement conditionne l&rsquo;ex\u00e9cution du contrat de souscription.<\/span>91<\/p><p><span style=\"font-weight: 400;\">DUR\u00c9E DE CONSERVATION DES DONN\u00c9ES :<\/span><\/p><p><span style=\"font-weight: 400;\">vos donn\u00e9es seront conserv\u00e9es tant que les relations commerciales avec nous durent ou qu&rsquo;elles exercent leur droit d&rsquo;annulation ou d&rsquo;opposition, ou de limitation du traitement. Nous conserverons \u00e9galement vos donn\u00e9es dans les d\u00e9lais pr\u00e9vus par les dispositions applicables.<\/span><\/p><p><span style=\"font-weight: 400;\">DESTINATAIRES DE CESSIONS OU DE TRANSFERTS (review client)<\/span> DESTINATAIRES<\/p><p><span style=\"font-weight: 400;\">TRANSVIA RAPIT SL n&rsquo;ach\u00e8te pas de donn\u00e9es \u00e0 l&rsquo;int\u00e9rieur ou \u00e0 l&rsquo;ext\u00e9rieur de l&rsquo;UE. Le pr\u00eateur fournira uniquement des informations aux forces et aux services de s\u00e9curit\u00e9 sur ordre judiciaire ou sur l&rsquo;obligation d&rsquo;une norme juridique, sans pr\u00e9judice de pouvoir bloquer ou annuler son compte s&rsquo;il peut y avoir des indices de la part de l&rsquo;utilisateur d&rsquo;un d\u00e9lit. Les informations fournies ne seront que celles dont dispose actuellement le pr\u00eateur.<\/span><\/p><p><span style=\"font-weight: 400;\">DROITS DES PERSONNES INT\u00c9RESS\u00c9ES<\/span><\/p><p>{8790 en tant qu&rsquo;utilisateur-int\u00e9ress\u00e9, il peut demander l&rsquo;exercice des droits suivants aupr\u00e8s de TransVIA RAPIT SL en pr\u00e9sentant une lettre \u00e0 la poste de titre ou en envoyant un courriel \u00e0 EMAILEMAIL&rsquo;, indiquant comme sujet : \u201cPROTECTION DE DONN\u00c9ES : droits des personnes concern\u00e9es\u201d, et attachant photocopie de leur DNI ou de tout moyen analogue en droit, comme l&rsquo;indique la loi.<\/p><p><span style=\"font-weight: 400;\">Droits :<\/span><\/p><ul><li style=\"list-style-type: none;\"><ul><li style=\"font-weight: 400;\" aria-level=\"1\"><span style=\"font-weight: 400;\">Droit d&rsquo;acc\u00e8s : permet \u00e0 l&rsquo;int\u00e9ress\u00e9 de conna\u00eetre et d&rsquo;obtenir des informations sur ses donn\u00e9es \u00e0 caract\u00e8re personnel soumises \u00e0 un traitement.<\/span><\/li><li style=\"font-weight: 400;\" aria-level=\"1\"><span style=\"font-weight: 400;\">droit de rectification ou de suppression : correction des erreurs et modification des donn\u00e9es qui s&rsquo;av\u00e8rent inexactes ou incompl\u00e8tes.<\/span><\/li><li style=\"font-weight: 400;\" aria-level=\"1\"><span style=\"font-weight: 400;\">droit d&rsquo;annulation : permet de supprimer les donn\u00e9es inadapt\u00e9es ou excessives.<\/span><\/li><li style=\"font-weight: 400;\" aria-level=\"1\"><span style=\"font-weight: 400;\">Droit d&rsquo;opposition : droit de l&rsquo;int\u00e9ress\u00e9 \u00e0 ne pas traiter ses donn\u00e9es \u00e0 caract\u00e8re personnel ou \u00e0 s&rsquo;y \u00e9carter.<\/span><\/li><\/ul><\/li><\/ul><p>93<\/p><ul><li style=\"list-style-type: none;\"><ul><li style=\"font-weight: 400;\" aria-level=\"1\"><span style=\"font-weight: 400;\"><span style=\"font-weight: 400;\"> tractament Limitation du traitement : elle comporte le marquage des donn\u00e9es personnelles conserv\u00e9es, afin de limiter leur futur traitement, pour l&rsquo;exercice ou la d\u00e9fense des plaintes.<\/span><\/span><\/li><\/ul><\/li><\/ul><p>93<\/p><ul><li style=\"list-style-type: none;\"><ul><li style=\"font-weight: 400;\" aria-level=\"1\"><span style=\"font-weight: 400;\">Portabilit\u00e9 des donn\u00e9es : fourniture des donn\u00e9es trait\u00e9es \u00e0 l&rsquo;int\u00e9ress\u00e9, afin que celui-ci puisse transmettre \u00e0 un autre responsable, sans obstacle.<\/span><\/li><\/ul><\/li><\/ul><p>93<\/p><ul><li style=\"font-weight: 400;\" aria-level=\"1\"><span style=\"font-weight: 400;\">Droit \u00e0 ne pas faire l&rsquo;objet de d\u00e9cisions individuelles automatis\u00e9es (y compris le profilage) : droit de ne pas faire l&rsquo;objet d&rsquo;une d\u00e9cision bas\u00e9e sur le traitement automatis\u00e9 qui produit des effets ou des effets significatifs.<\/span><\/li><\/ul><p><span style=\"font-weight: 400;\">en tant qu&rsquo;utilisateur a le droit de retirer le consentement donn\u00e9 \u00e0 tout moment. Le retrait du consentement n\u2019affectera pas la demande de traitement effectu\u00e9e avant le retrait du consentement.<\/span><\/p><p><span style=\"font-weight: 400;\">a \u00e9galement le droit de porter plainte devant l&rsquo;autorit\u00e9 de contr\u00f4le si elle estime que ses droits en mati\u00e8re de protection de ses donn\u00e9es (aepd.es) ont pu \u00eatre viol\u00e9s.<\/span><\/p><p><span style=\"font-weight: 400;\">informations suppl\u00e9mentaires<\/span><\/p><p><span style=\"font-weight: 400;\">MESURES DE S\u00c9CURIT\u00c9 :<\/span><\/p><p><span style=\"font-weight: 400;\">les donn\u00e9es que vous nous fournissez seront trait\u00e9es de mani\u00e8re confidentielle. Le pr\u00eateur a pris toutes les mesures techniques et organisationnelles et tous les niveaux de protection n\u00e9cessaires pour garantir la s\u00e9curit\u00e9 du traitement des donn\u00e9es et \u00e9viter leur alt\u00e9ration, leur perte, leur vol, leur traitement ou leur acc\u00e8s non autoris\u00e9, conform\u00e9ment \u00e0 l&rsquo;\u00e9tat de la technologie et de la nature des donn\u00e9es stock\u00e9es. Il garantit \u00e9galement que le traitement et l&rsquo;enregistrement des fichiers, des programmes, des syst\u00e8mes ou des \u00e9quipements, des locaux et des centres r\u00e9pondent aux exigences et conditions d&rsquo;int\u00e9grit\u00e9 et de s\u00e9curit\u00e9 fix\u00e9es par la l\u00e9gislation en vigueur.<\/span><\/p><p><span style=\"font-weight: 400;\">LANGUE<\/span><\/p><p><span style=\"font-weight: 400;\">La langue applicable \u00e0 cette politique de confidentialit\u00e9 est l&rsquo;espagnol. Par cons\u00e9quent, s&rsquo;il y a une contradiction dans certaines versions linguistiques, la version espagnole sera pr\u00e9f\u00e9r\u00e9e.<\/span><\/p><p><span style=\"font-weight: 400;\">MINEURS D&rsquo;\u00c2GE<\/span><\/p><ul><li style=\"font-weight: 400;\" aria-level=\"1\"><span style=\"font-weight: 400;\">, pour les enfants de moins de quatorze ans, le consentement des parents ou des tuteurs est requis pour le traitement de leurs donn\u00e9es personnelles.<\/span><\/li><li style=\"font-weight: 400;\" aria-level=\"1\"><span style=\"font-weight: 400;\"><span style=\"font-weight: 400;\">\u00a0<\/span><\/span><\/li><li style=\"font-weight: 400;\" aria-level=\"1\"><span style=\"font-weight: 400;\"> dades En aucun cas on ne demandera d&rsquo;\u00e2ge des donn\u00e9es relatives \u00e0 la situation professionnelle, \u00e9conomique ou dans la vie priv\u00e9e des autres membres de la famille, sans leur consentement.<br \/><\/span><\/li><li style=\"font-weight: 400;\" aria-level=\"1\"><span style=\"font-weight: 400;\">Si vous \u00eates de moins de quatorze ans et que vous avez acc\u00e9d\u00e9 \u00e0 ce site web sans alerter vos parents, vous ne devez pas enregistrer ni nous donner vos donn\u00e9es, ni celles des tuteurs.<\/span><\/li><li style=\"font-weight: 400;\" aria-level=\"1\"><p>93<\/p><\/li><\/ul><p><span style=\"font-weight: 400;\">R\u00c9SEAUX SOCIAUX<\/span><\/p><p><span style=\"font-weight: 400;\">Le rapport transmis par RAPIT SL peut \u00eatre pr\u00e9sent sur des r\u00e9seaux sociaux. Le traitement des donn\u00e9es fournies par les personnes qui suivent les r\u00e9seaux sociaux (et\/ou effectuent n&rsquo;importe quel lien ou action de connexion via les r\u00e9seaux sociaux) des pages officielles de TransVIA RAPIT SL sera r\u00e9gi par ce paragraphe, ainsi que par les conditions d&rsquo;utilisation, les politiques de vie priv\u00e9e et les r\u00e8gles d&rsquo;acc\u00e8s qui appartiennent au r\u00e9seau social qui proc\u00e8dent au cas par cas et qui ont \u00e9t\u00e9 pr\u00e9c\u00e9demment accept\u00e9es par l&rsquo;utilisateur.<\/span><\/p><p><span style=\"font-weight: 400;\">TRANSVIA RAPIT SL traitera ses donn\u00e9es dans le but d&rsquo;administrer correctement leur pr\u00e9sence sur le r\u00e9seau social, en rapportant des activit\u00e9s, des produits ou des services de pr\u00eateur, ainsi que pour toute autre finalit\u00e9 que les r\u00e8glements des r\u00e9seaux sociaux permettent.<\/span>91<\/p><p><span style=\"font-weight: 400;\">La publication du contenu est interdite :<\/span><\/p><ul><li style=\"list-style-type: none;\"><ul><li style=\"font-weight: 400;\" aria-level=\"1\"><span style=\"font-weight: 400;\">; qu&rsquo;ils soient pr\u00e9tendument illicites par la l\u00e9gislation nationale, communautaire ou internationale ou qu&rsquo;ils exercent des activit\u00e9s pr\u00e9tendument illicites ou qu&rsquo;ils violent les principes de bonne foi.<\/span><\/li><\/ul><\/li><\/ul><p>93<\/p><ul><li style=\"font-weight: 400;\" aria-level=\"1\"><span style=\"font-weight: 400;\">que vous vous attaquiez aux droits fondamentaux des personnes, que vous fassiez d\u00e9faut \u00e0 la courtoisie sur le r\u00e9seau, que vous g\u00eanez ou que vous puissiez g\u00e9n\u00e9rer des opinions n\u00e9gatives chez nos utilisateurs ou tiers et, en g\u00e9n\u00e9ral, quel que soit le contenu transmis par RAPIT SL que vous jugez inappropri\u00e9.<\/span><\/li><li style=\"font-weight: 400;\" aria-level=\"1\"><span style=\"font-weight: 400;\">I en g\u00e9n\u00e9ral qui contreviennent aux principes de l\u00e9galit\u00e9, d&rsquo;honn\u00eatet\u00e9, de responsabilit\u00e9, de protection de la dignit\u00e9 humaine, de protection des mineurs, de protection de l&rsquo;ordre public, de protection de la vie priv\u00e9e, de protection des consommateurs et de droits de propri\u00e9t\u00e9 intellectuelle et industrielle.<\/span><\/li><\/ul><p><span style=\"font-weight: 400;\">, TransVIA RAPIT SL se r\u00e9serve \u00e9galement le pouvoir de retirer, sans pr\u00e9avis de la page web ou du r\u00e9seau social d\u2019entreprise, les contenus jug\u00e9s inappropri\u00e9s.<\/span>9191<\/p><p><span style=\"font-weight: 400;\">, si vous transmettez des informations personnelles via le r\u00e9seau social, TransVIA RAPIT SL sera en tout cas exempt de responsabilit\u00e9 en ce qui concerne les mesures de s\u00e9curit\u00e9 applicables \u00e0 la pr\u00e9sente plate-forme, et l&rsquo;utilisateur, s&rsquo;il veut les conna\u00eetre, consulter les conditions particuli\u00e8res correspondantes du r\u00e9seau en question.<\/span>91<\/p><p><span style=\"font-weight: 400;\">MODIFICATIONS DE CETTE POLITIQUE DE CONFIDENTIALIT\u00c9<\/span><\/p><p><span style=\"font-weight: 400;\">TRANSVIA RAPIT SL se r\u00e9serve le droit de modifier la pr\u00e9sente politique pour l&rsquo;adapter \u00e0 des nouveaut\u00e9s l\u00e9gislatives ou jurisprudentielles.<\/span><\/p><p><span style=\"font-weight: 400;\">R\u00c9VOCATION<\/span><\/p><p><span style=\"font-weight: 400;\">Le consentement donn\u00e9, tant pour le traitement que pour la cession des donn\u00e9es des int\u00e9ress\u00e9s, est r\u00e9vocable \u00e0 tout moment en le communiquant \u00e0 TRANSVIA RAPIT SL dans les termes pr\u00e9vus par cette politique pour l&rsquo;exercice des droits. Cette r\u00e9vocation n&rsquo;aura en aucun cas un caract\u00e8re r\u00e9troactif.<\/span><\/p><p><span style=\"font-weight: 400;\">L\u00c9GISLATION<\/span><\/p><p><span style=\"font-weight: 400;\">Les relations entre TRANStransVIA RAPIT SL et les utilisateurs de ses services t\u00e9l\u00e9matiques pr\u00e9sents sur ce site sont g\u00e9n\u00e9ralement soumises \u00e0 la l\u00e9gislation et \u00e0 la juridiction espagnoles auxquelles les parties sont express\u00e9ment soumises, \u00e9tant comp\u00e9tentes pour la r\u00e9solution de tous les conflits d\u00e9riv\u00e9s ou li\u00e9s \u00e0 leur utilisation par les tribunaux et tribunaux de L\u00e9rida.<\/span><\/p>\t\t\t\t\t\t<\/div>\n\t\t\t\t<\/div>\n\t\t\t\t\t<\/div>\n\t\t\t\t<\/div>\n\t\t\t\t<\/div>\n\t\t","protected":false},"excerpt":{"rendered":"<p>Leur vie priv\u00e9e est importante pour nous, donc, par cette politique, nous vous expliquons les donn\u00e9es que nous collectons des utilisateurs, comment nous les utilisons et pourquoi, entre autres,91919191&prime;. Pour votre information, nous ne demanderons jamais plus d\u2019informations que ce dont nous aurons r\u00e9ellement besoin pour les services requis; nous ne le partagerons jamais avec [&hellip;]<\/p>\n","protected":false},"author":4,"featured_media":0,"parent":0,"menu_order":0,"comment_status":"closed","ping_status":"closed","template":"elementor_header_footer","meta":{"footnotes":""},"yoast_head":"<!-- This site is optimized with the Yoast SEO plugin v23.9 - https:\/\/yoast.com\/wordpress\/plugins\/seo\/ -->\n<title>Politique de confidentialit\u00e9 - Transports Rapit<\/title>\n<meta name=\"robots\" content=\"index, follow, max-snippet:-1, max-image-preview:large, max-video-preview:-1\" \/>\n<link rel=\"canonical\" href=\"https:\/\/transrapit.com\/fr\/politique-de-confidentialite\/\" \/>\n<meta property=\"og:locale\" content=\"fr_FR\" \/>\n<meta property=\"og:type\" content=\"article\" \/>\n<meta property=\"og:title\" content=\"Politique de confidentialit\u00e9 - Transports Rapit\" \/>\n<meta property=\"og:description\" content=\"Leur vie priv\u00e9e est importante pour nous, donc, par cette politique, nous vous expliquons les donn\u00e9es que nous collectons des utilisateurs, comment nous les utilisons et pourquoi, entre autres,91919191&prime;. Pour votre information, nous ne demanderons jamais plus d\u2019informations que ce dont nous aurons r\u00e9ellement besoin pour les services requis; nous ne le partagerons jamais avec [&hellip;]\" \/>\n<meta property=\"og:url\" content=\"https:\/\/transrapit.com\/fr\/politique-de-confidentialite\/\" \/>\n<meta property=\"og:site_name\" content=\"Transports Rapit\" \/>\n<meta property=\"article:modified_time\" content=\"2024-05-15T11:32:17+00:00\" \/>\n<meta name=\"twitter:card\" content=\"summary_large_image\" \/>\n<meta name=\"twitter:label1\" content=\"Dur\u00e9e de lecture estim\u00e9e\" \/>\n\t<meta name=\"twitter:data1\" content=\"9 minutes\" \/>\n<script type=\"application\/ld+json\" class=\"yoast-schema-graph\">{\"@context\":\"https:\/\/schema.org\",\"@graph\":[{\"@type\":\"WebPage\",\"@id\":\"https:\/\/transrapit.com\/fr\/politique-de-confidentialite\/\",\"url\":\"https:\/\/transrapit.com\/fr\/politique-de-confidentialite\/\",\"name\":\"Politique de confidentialit\u00e9 - Transports Rapit\",\"isPartOf\":{\"@id\":\"https:\/\/transrapit.com\/fr\/#website\"},\"datePublished\":\"2024-05-08T15:05:52+00:00\",\"dateModified\":\"2024-05-15T11:32:17+00:00\",\"breadcrumb\":{\"@id\":\"https:\/\/transrapit.com\/fr\/politique-de-confidentialite\/#breadcrumb\"},\"inLanguage\":\"fr-FR\",\"potentialAction\":[{\"@type\":\"ReadAction\",\"target\":[\"https:\/\/transrapit.com\/fr\/politique-de-confidentialite\/\"]}]},{\"@type\":\"BreadcrumbList\",\"@id\":\"https:\/\/transrapit.com\/fr\/politique-de-confidentialite\/#breadcrumb\",\"itemListElement\":[{\"@type\":\"ListItem\",\"position\":1,\"name\":\"Portada\",\"item\":\"https:\/\/transrapit.com\/fr\/\"},{\"@type\":\"ListItem\",\"position\":2,\"name\":\"Politique de confidentialit\u00e9\"}]},{\"@type\":\"WebSite\",\"@id\":\"https:\/\/transrapit.com\/fr\/#website\",\"url\":\"https:\/\/transrapit.com\/fr\/\",\"name\":\"Transports Rapit\",\"description\":\"\",\"publisher\":{\"@id\":\"https:\/\/transrapit.com\/fr\/#organization\"},\"potentialAction\":[{\"@type\":\"SearchAction\",\"target\":{\"@type\":\"EntryPoint\",\"urlTemplate\":\"https:\/\/transrapit.com\/fr\/?s={search_term_string}\"},\"query-input\":{\"@type\":\"PropertyValueSpecification\",\"valueRequired\":true,\"valueName\":\"search_term_string\"}}],\"inLanguage\":\"fr-FR\"},{\"@type\":\"Organization\",\"@id\":\"https:\/\/transrapit.com\/fr\/#organization\",\"name\":\"Transports Rapit\",\"url\":\"https:\/\/transrapit.com\/fr\/\",\"logo\":{\"@type\":\"ImageObject\",\"inLanguage\":\"fr-FR\",\"@id\":\"https:\/\/transrapit.com\/fr\/#\/schema\/logo\/image\/\",\"url\":\"https:\/\/transrapit.com\/wp-content\/uploads\/2024\/05\/trans-rapit-blanc-png.png\",\"contentUrl\":\"https:\/\/transrapit.com\/wp-content\/uploads\/2024\/05\/trans-rapit-blanc-png.png\",\"width\":300,\"height\":150,\"caption\":\"Transports Rapit\"},\"image\":{\"@id\":\"https:\/\/transrapit.com\/fr\/#\/schema\/logo\/image\/\"}}]}<\/script>\n<!-- \/ Yoast SEO plugin. -->","yoast_head_json":{"title":"Politique de confidentialit\u00e9 - Transports Rapit","robots":{"index":"index","follow":"follow","max-snippet":"max-snippet:-1","max-image-preview":"max-image-preview:large","max-video-preview":"max-video-preview:-1"},"canonical":"https:\/\/transrapit.com\/fr\/politique-de-confidentialite\/","og_locale":"fr_FR","og_type":"article","og_title":"Politique de confidentialit\u00e9 - Transports Rapit","og_description":"Leur vie priv\u00e9e est importante pour nous, donc, par cette politique, nous vous expliquons les donn\u00e9es que nous collectons des utilisateurs, comment nous les utilisons et pourquoi, entre autres,91919191&prime;. Pour votre information, nous ne demanderons jamais plus d\u2019informations que ce dont nous aurons r\u00e9ellement besoin pour les services requis; nous ne le partagerons jamais avec [&hellip;]","og_url":"https:\/\/transrapit.com\/fr\/politique-de-confidentialite\/","og_site_name":"Transports Rapit","article_modified_time":"2024-05-15T11:32:17+00:00","twitter_card":"summary_large_image","twitter_misc":{"Dur\u00e9e de lecture estim\u00e9e":"9 minutes"},"schema":{"@context":"https:\/\/schema.org","@graph":[{"@type":"WebPage","@id":"https:\/\/transrapit.com\/fr\/politique-de-confidentialite\/","url":"https:\/\/transrapit.com\/fr\/politique-de-confidentialite\/","name":"Politique de confidentialit\u00e9 - Transports Rapit","isPartOf":{"@id":"https:\/\/transrapit.com\/fr\/#website"},"datePublished":"2024-05-08T15:05:52+00:00","dateModified":"2024-05-15T11:32:17+00:00","breadcrumb":{"@id":"https:\/\/transrapit.com\/fr\/politique-de-confidentialite\/#breadcrumb"},"inLanguage":"fr-FR","potentialAction":[{"@type":"ReadAction","target":["https:\/\/transrapit.com\/fr\/politique-de-confidentialite\/"]}]},{"@type":"BreadcrumbList","@id":"https:\/\/transrapit.com\/fr\/politique-de-confidentialite\/#breadcrumb","itemListElement":[{"@type":"ListItem","position":1,"name":"Portada","item":"https:\/\/transrapit.com\/fr\/"},{"@type":"ListItem","position":2,"name":"Politique de confidentialit\u00e9"}]},{"@type":"WebSite","@id":"https:\/\/transrapit.com\/fr\/#website","url":"https:\/\/transrapit.com\/fr\/","name":"Transports Rapit","description":"","publisher":{"@id":"https:\/\/transrapit.com\/fr\/#organization"},"potentialAction":[{"@type":"SearchAction","target":{"@type":"EntryPoint","urlTemplate":"https:\/\/transrapit.com\/fr\/?s={search_term_string}"},"query-input":{"@type":"PropertyValueSpecification","valueRequired":true,"valueName":"search_term_string"}}],"inLanguage":"fr-FR"},{"@type":"Organization","@id":"https:\/\/transrapit.com\/fr\/#organization","name":"Transports Rapit","url":"https:\/\/transrapit.com\/fr\/","logo":{"@type":"ImageObject","inLanguage":"fr-FR","@id":"https:\/\/transrapit.com\/fr\/#\/schema\/logo\/image\/","url":"https:\/\/transrapit.com\/wp-content\/uploads\/2024\/05\/trans-rapit-blanc-png.png","contentUrl":"https:\/\/transrapit.com\/wp-content\/uploads\/2024\/05\/trans-rapit-blanc-png.png","width":300,"height":150,"caption":"Transports Rapit"},"image":{"@id":"https:\/\/transrapit.com\/fr\/#\/schema\/logo\/image\/"}}]}},"_links":{"self":[{"href":"https:\/\/transrapit.com\/fr\/wp-json\/wp\/v2\/pages\/456"}],"collection":[{"href":"https:\/\/transrapit.com\/fr\/wp-json\/wp\/v2\/pages"}],"about":[{"href":"https:\/\/transrapit.com\/fr\/wp-json\/wp\/v2\/types\/page"}],"author":[{"embeddable":true,"href":"https:\/\/transrapit.com\/fr\/wp-json\/wp\/v2\/users\/4"}],"replies":[{"embeddable":true,"href":"https:\/\/transrapit.com\/fr\/wp-json\/wp\/v2\/comments?post=456"}],"version-history":[{"count":5,"href":"https:\/\/transrapit.com\/fr\/wp-json\/wp\/v2\/pages\/456\/revisions"}],"predecessor-version":[{"id":486,"href":"https:\/\/transrapit.com\/fr\/wp-json\/wp\/v2\/pages\/456\/revisions\/486"}],"wp:attachment":[{"href":"https:\/\/transrapit.com\/fr\/wp-json\/wp\/v2\/media?parent=456"}],"curies":[{"name":"wp","href":"https:\/\/api.w.org\/{rel}","templated":true}]}}