{"id":435,"date":"2024-05-08T15:38:52","date_gmt":"2024-05-08T13:38:52","guid":{"rendered":"https:\/\/transrapit.panelserver.eu\/serveis\/"},"modified":"2024-06-27T12:24:28","modified_gmt":"2024-06-27T10:24:28","slug":"services","status":"publish","type":"page","link":"https:\/\/transrapit.com\/fr\/services\/","title":{"rendered":"Services"},"content":{"rendered":"\t\t<div data-elementor-type=\"wp-post\" data-elementor-id=\"435\" class=\"elementor elementor-435 elementor-130\" data-elementor-post-type=\"page\">\n\t\t\t\t<div class=\"elementor-element elementor-element-c8082f0 e-con-full e-flex e-con e-parent\" data-id=\"c8082f0\" data-element_type=\"container\">\n\t\t\t\t<div class=\"elementor-element elementor-element-0d49b55 elementor--h-position-center elementor--v-position-middle elementor-arrows-position-inside elementor-pagination-position-inside elementor-widget elementor-widget-slides\" data-id=\"0d49b55\" data-element_type=\"widget\" data-settings=\"{&quot;navigation&quot;:&quot;both&quot;,&quot;autoplay&quot;:&quot;yes&quot;,&quot;pause_on_hover&quot;:&quot;yes&quot;,&quot;pause_on_interaction&quot;:&quot;yes&quot;,&quot;autoplay_speed&quot;:5000,&quot;infinite&quot;:&quot;yes&quot;,&quot;transition&quot;:&quot;slide&quot;,&quot;transition_speed&quot;:500}\" data-widget_type=\"slides.default\">\n\t\t\t\t<div class=\"elementor-widget-container\">\n\t\t\t\t\t<div class=\"elementor-swiper\">\n\t\t\t<div class=\"elementor-slides-wrapper elementor-main-swiper swiper\" dir=\"ltr\" data-animation=\"fadeInUp\">\n\t\t\t\t<div class=\"swiper-wrapper elementor-slides\">\n\t\t\t\t\t\t\t\t\t\t<div class=\"elementor-repeater-item-be28098 swiper-slide\"><div class=\"swiper-slide-bg\" role=\"img\"><\/div><div class=\"elementor-background-overlay\"><\/div><a class=\"swiper-slide-inner\" href=\"\/contacte\"><div class=\"swiper-slide-contents\"><div class=\"elementor-slide-heading\"> Service de transport m\u00e9connaissante L\u00e9rida avec le Pyr\u00e9n\u00e9en<\/div><div class=\"elementor-slide-description\">Services<\/div><\/div><\/a><\/div>\t\t\t\t<\/div>\n\t\t\t\t\t\t\t<\/div>\n\t\t<\/div>\n\t\t\t\t<\/div>\n\t\t\t\t<\/div>\n\t\t\t\t<\/div>\n\t\t<div class=\"elementor-element elementor-element-a40e315 e-flex e-con-boxed e-con e-parent\" data-id=\"a40e315\" data-element_type=\"container\">\n\t\t\t\t\t<div class=\"e-con-inner\">\n\t\t\t\t<div class=\"elementor-element elementor-element-a9d121f elementor-widget elementor-widget-spacer\" data-id=\"a9d121f\" data-element_type=\"widget\" data-widget_type=\"spacer.default\">\n\t\t\t\t<div class=\"elementor-widget-container\">\n\t\t\t\t\t<div class=\"elementor-spacer\">\n\t\t\t<div class=\"elementor-spacer-inner\"><\/div>\n\t\t<\/div>\n\t\t\t\t<\/div>\n\t\t\t\t<\/div>\n\t\t\t\t\t<\/div>\n\t\t\t\t<\/div>\n\t\t<div class=\"elementor-element elementor-element-4485324 e-flex e-con-boxed e-con e-parent\" data-id=\"4485324\" data-element_type=\"container\">\n\t\t\t\t\t<div class=\"e-con-inner\">\n\t\t<div class=\"elementor-element elementor-element-8b44f99 e-con-full e-flex e-con e-child\" data-id=\"8b44f99\" data-element_type=\"container\" data-settings=\"{&quot;background_background&quot;:&quot;classic&quot;}\">\n\t\t\t\t<div class=\"elementor-element elementor-element-0f22cae elementor-widget elementor-widget-heading\" data-id=\"0f22cae\" data-element_type=\"widget\" data-widget_type=\"heading.default\">\n\t\t\t\t<div class=\"elementor-widget-container\">\n\t\t\t<h2 class=\"elementor-heading-title elementor-size-default\">Livret quotidien des marchandises<\/h2>\t\t<\/div>\n\t\t\t\t<\/div>\n\t\t\t\t<div class=\"elementor-element elementor-element-46c4e49 elementor-widget elementor-widget-text-editor\" data-id=\"46c4e49\" data-element_type=\"widget\" data-widget_type=\"text-editor.default\">\n\t\t\t\t<div class=\"elementor-widget-container\">\n\t\t\t\t\t\t\t<p>Services quotidiens de livraison de marchandises \u00e0 temp\u00e9rature ambiante ou refroidie \u00e0 n&rsquo;importe quel endroit de la province de L\u00e9rida.<\/p>\t\t\t\t\t\t<\/div>\n\t\t\t\t<\/div>\n\t\t\t\t<\/div>\n\t\t<div class=\"elementor-element elementor-element-05ba7b1 e-con-full elementor-hidden-tablet elementor-hidden-mobile e-flex e-con e-child\" data-id=\"05ba7b1\" data-element_type=\"container\" data-settings=\"{&quot;background_background&quot;:&quot;classic&quot;}\">\n\t\t\t\t<\/div>\n\t\t\t\t\t<\/div>\n\t\t\t\t<\/div>\n\t\t<div class=\"elementor-element elementor-element-60e5573 e-flex e-con-boxed e-con e-parent\" data-id=\"60e5573\" data-element_type=\"container\">\n\t\t\t\t\t<div class=\"e-con-inner\">\n\t\t<div class=\"elementor-element elementor-element-3d1fb32 e-con-full elementor-hidden-tablet elementor-hidden-mobile e-flex e-con e-child\" data-id=\"3d1fb32\" data-element_type=\"container\" data-settings=\"{&quot;background_background&quot;:&quot;classic&quot;}\">\n\t\t\t\t<\/div>\n\t\t<div class=\"elementor-element elementor-element-5e992f1 e-con-full e-flex e-con e-child\" data-id=\"5e992f1\" data-element_type=\"container\" data-settings=\"{&quot;background_background&quot;:&quot;classic&quot;}\">\n\t\t\t\t<div class=\"elementor-element elementor-element-0fd6a06 elementor-widget elementor-widget-heading\" data-id=\"0fd6a06\" data-element_type=\"widget\" data-widget_type=\"heading.default\">\n\t\t\t\t<div class=\"elementor-widget-container\">\n\t\t\t<h2 class=\"elementor-heading-title elementor-size-default\">Suivi de l'envoi<\/h2>\t\t<\/div>\n\t\t\t\t<\/div>\n\t\t\t\t<div class=\"elementor-element elementor-element-a760c7e elementor-widget elementor-widget-text-editor\" data-id=\"a760c7e\" data-element_type=\"widget\" data-widget_type=\"text-editor.default\">\n\t\t\t\t<div class=\"elementor-widget-container\">\n\t\t\t\t\t\t\t<p class=\"cvGsUA direction-ltr align-center para-style-body\">Suivi des livraisons ON-LINE pour nos clients.<\/p>\t\t\t\t\t\t<\/div>\n\t\t\t\t<\/div>\n\t\t\t\t<\/div>\n\t\t\t\t\t<\/div>\n\t\t\t\t<\/div>\n\t\t<div class=\"elementor-element elementor-element-1a405b2 e-flex e-con-boxed e-con e-parent\" data-id=\"1a405b2\" data-element_type=\"container\">\n\t\t\t\t\t<div class=\"e-con-inner\">\n\t\t<div class=\"elementor-element elementor-element-a3d7ad3 e-con-full e-flex e-con e-child\" data-id=\"a3d7ad3\" data-element_type=\"container\" data-settings=\"{&quot;background_background&quot;:&quot;classic&quot;}\">\n\t\t\t\t<div class=\"elementor-element elementor-element-2f9a5b2 elementor-widget elementor-widget-heading\" data-id=\"2f9a5b2\" data-element_type=\"widget\" data-widget_type=\"heading.default\">\n\t\t\t\t<div class=\"elementor-widget-container\">\n\t\t\t<h2 class=\"elementor-heading-title elementor-size-default\">Albarans<\/h2>\t\t<\/div>\n\t\t\t\t<\/div>\n\t\t\t\t<div class=\"elementor-element elementor-element-f475a4f elementor-widget elementor-widget-text-editor\" data-id=\"f475a4f\" data-element_type=\"widget\" data-widget_type=\"text-editor.default\">\n\t\t\t\t<div class=\"elementor-widget-container\">\n\t\t\t\t\t\t\t<p class=\"cvGsUA direction-ltr align-center para-style-body\">Vue des albarans de livraison.<\/p>\t\t\t\t\t\t<\/div>\n\t\t\t\t<\/div>\n\t\t\t\t<\/div>\n\t\t<div class=\"elementor-element elementor-element-c55c463 e-con-full elementor-hidden-tablet elementor-hidden-mobile e-flex e-con e-child\" data-id=\"c55c463\" data-element_type=\"container\" data-settings=\"{&quot;background_background&quot;:&quot;classic&quot;}\">\n\t\t\t\t<\/div>\n\t\t\t\t\t<\/div>\n\t\t\t\t<\/div>\n\t\t<div class=\"elementor-element elementor-element-5c3ab94 e-flex e-con-boxed e-con e-parent\" data-id=\"5c3ab94\" data-element_type=\"container\">\n\t\t\t\t\t<div class=\"e-con-inner\">\n\t\t<div class=\"elementor-element elementor-element-275cdb8 e-con-full elementor-hidden-tablet elementor-hidden-mobile e-flex e-con e-child\" data-id=\"275cdb8\" data-element_type=\"container\" data-settings=\"{&quot;background_background&quot;:&quot;classic&quot;}\">\n\t\t\t\t<\/div>\n\t\t<div class=\"elementor-element elementor-element-da5f59e e-con-full e-flex e-con e-child\" data-id=\"da5f59e\" data-element_type=\"container\" data-settings=\"{&quot;background_background&quot;:&quot;classic&quot;}\">\n\t\t\t\t<div class=\"elementor-element elementor-element-3fa59d7 elementor-widget elementor-widget-heading\" data-id=\"3fa59d7\" data-element_type=\"widget\" data-widget_type=\"heading.default\">\n\t\t\t\t<div class=\"elementor-widget-container\">\n\t\t\t<h2 class=\"elementor-heading-title elementor-size-default\">Stockage<\/h2>\t\t<\/div>\n\t\t\t\t<\/div>\n\t\t\t\t<div class=\"elementor-element elementor-element-d830047 elementor-widget elementor-widget-text-editor\" data-id=\"d830047\" data-element_type=\"widget\" data-widget_type=\"text-editor.default\">\n\t\t\t\t<div class=\"elementor-widget-container\">\n\t\t\t\t\t\t\t<p class=\"cvGsUA direction-ltr align-center para-style-body\">Cacher des marchandises.<\/p>\t\t\t\t\t\t<\/div>\n\t\t\t\t<\/div>\n\t\t\t\t<\/div>\n\t\t\t\t\t<\/div>\n\t\t\t\t<\/div>\n\t\t<div class=\"elementor-element elementor-element-cf3b773 e-flex e-con-boxed e-con e-parent\" data-id=\"cf3b773\" data-element_type=\"container\">\n\t\t\t\t\t<div class=\"e-con-inner\">\n\t\t\t\t<div class=\"elementor-element elementor-element-5db5564 elementor-widget elementor-widget-spacer\" data-id=\"5db5564\" data-element_type=\"widget\" data-widget_type=\"spacer.default\">\n\t\t\t\t<div class=\"elementor-widget-container\">\n\t\t\t\t\t<div class=\"elementor-spacer\">\n\t\t\t<div class=\"elementor-spacer-inner\"><\/div>\n\t\t<\/div>\n\t\t\t\t<\/div>\n\t\t\t\t<\/div>\n\t\t\t\t\t<\/div>\n\t\t\t\t<\/div>\n\t\t<div class=\"elementor-element elementor-element-20e5f73 e-flex e-con-boxed e-con e-parent\" data-id=\"20e5f73\" data-element_type=\"container\" data-settings=\"{&quot;background_background&quot;:&quot;classic&quot;}\">\n\t\t\t\t\t<div class=\"e-con-inner\">\n\t\t<div class=\"elementor-element elementor-element-cae4af7 e-flex e-con-boxed e-con e-child\" data-id=\"cae4af7\" data-element_type=\"container\">\n\t\t\t\t\t<div class=\"e-con-inner\">\n\t\t<div class=\"elementor-element elementor-element-138d59f e-con-full e-flex e-con e-child\" data-id=\"138d59f\" data-element_type=\"container\">\n\t\t\t\t<div class=\"elementor-element elementor-element-d268221 elementor-widget elementor-widget-text-editor\" data-id=\"d268221\" data-element_type=\"widget\" data-widget_type=\"text-editor.default\">\n\t\t\t\t<div class=\"elementor-widget-container\">\n\t\t\t\t\t\t\t<p class=\"cvGsUA direction-ltr align-start para-style-body\">Transporter votre paquetage \u00e0 la temp\u00e9rature<br \/>Environnement sous contr\u00f4le.<\/p>\t\t\t\t\t\t<\/div>\n\t\t\t\t<\/div>\n\t\t\t\t<\/div>\n\t\t<div class=\"elementor-element elementor-element-ed28c0f e-con-full e-flex e-con e-child\" data-id=\"ed28c0f\" data-element_type=\"container\">\n\t\t\t\t<div class=\"elementor-element elementor-element-d8c0aee elementor-widget elementor-widget-image\" data-id=\"d8c0aee\" data-element_type=\"widget\" data-widget_type=\"image.default\">\n\t\t\t\t<div class=\"elementor-widget-container\">\n\t\t\t\t\t\t\t\t\t\t\t\t\t<img fetchpriority=\"high\" decoding=\"async\" width=\"300\" height=\"600\" src=\"https:\/\/transrapit.com\/wp-content\/uploads\/2024\/05\/img-termo-1.png\" class=\"attachment-full size-full wp-image-70\" alt=\"\" srcset=\"https:\/\/transrapit.com\/wp-content\/uploads\/2024\/05\/img-termo-1.png 300w, https:\/\/transrapit.com\/wp-content\/uploads\/2024\/05\/img-termo-1-150x300.png 150w\" sizes=\"(max-width: 300px) 100vw, 300px\" \/>\t\t\t\t\t\t\t\t\t\t\t\t\t<\/div>\n\t\t\t\t<\/div>\n\t\t\t\t<\/div>\n\t\t\t\t\t<\/div>\n\t\t\t\t<\/div>\n\t\t\t\t\t<\/div>\n\t\t\t\t<\/div>\n\t\t<div class=\"elementor-element elementor-element-6b83c11 e-flex e-con-boxed e-con e-parent\" data-id=\"6b83c11\" data-element_type=\"container\">\n\t\t\t\t\t<div class=\"e-con-inner\">\n\t\t\t\t<div class=\"elementor-element elementor-element-5ede2c1 elementor-widget elementor-widget-spacer\" data-id=\"5ede2c1\" data-element_type=\"widget\" data-widget_type=\"spacer.default\">\n\t\t\t\t<div class=\"elementor-widget-container\">\n\t\t\t\t\t<div class=\"elementor-spacer\">\n\t\t\t<div class=\"elementor-spacer-inner\"><\/div>\n\t\t<\/div>\n\t\t\t\t<\/div>\n\t\t\t\t<\/div>\n\t\t\t\t\t<\/div>\n\t\t\t\t<\/div>\n\t\t<div class=\"elementor-element elementor-element-300bb37 e-flex e-con-boxed e-con e-parent\" data-id=\"300bb37\" data-element_type=\"container\" data-settings=\"{&quot;background_background&quot;:&quot;classic&quot;}\">\n\t\t\t\t\t<div class=\"e-con-inner\">\n\t\t<div class=\"elementor-element elementor-element-d48db0c e-flex e-con-boxed e-con e-child\" data-id=\"d48db0c\" data-element_type=\"container\">\n\t\t\t\t\t<div class=\"e-con-inner\">\n\t\t<div class=\"elementor-element elementor-element-a42a3a8 e-con-full e-flex e-con e-child\" data-id=\"a42a3a8\" data-element_type=\"container\">\n\t\t\t\t<div class=\"elementor-element elementor-element-41ae986 elementor-widget elementor-widget-text-editor\" data-id=\"41ae986\" data-element_type=\"widget\" data-widget_type=\"text-editor.default\">\n\t\t\t\t<div class=\"elementor-widget-container\">\n\t\t\t\t\t\t\t<p class=\"cvGsUA direction-ltr align-start para-style-body\">Couverture par comarques<\/p>\t\t\t\t\t\t<\/div>\n\t\t\t\t<\/div>\n\t\t\t\t<\/div>\n\t\t<div class=\"elementor-element elementor-element-dcd6ee7 e-con-full e-flex e-con e-child\" data-id=\"dcd6ee7\" data-element_type=\"container\">\n\t\t\t\t<\/div>\n\t\t\t\t\t<\/div>\n\t\t\t\t<\/div>\n\t\t\t\t\t<\/div>\n\t\t\t\t<\/div>\n\t\t<div class=\"elementor-element elementor-element-72efefe e-flex e-con-boxed e-con e-parent\" data-id=\"72efefe\" data-element_type=\"container\">\n\t\t\t\t\t<div class=\"e-con-inner\">\n\t\t<div class=\"elementor-element elementor-element-07cf3ef e-flex e-con-boxed e-con e-child\" data-id=\"07cf3ef\" data-element_type=\"container\">\n\t\t\t\t\t<div class=\"e-con-inner\">\n\t\t\t\t<div class=\"elementor-element elementor-element-5030c24 elementor-widget elementor-widget-image\" data-id=\"5030c24\" data-element_type=\"widget\" data-widget_type=\"image.default\">\n\t\t\t\t<div class=\"elementor-widget-container\">\n\t\t\t\t\t\t\t\t\t\t\t\t\t<img decoding=\"async\" width=\"400\" height=\"600\" src=\"https:\/\/transrapit.com\/wp-content\/uploads\/2024\/06\/transrapit-mapa-1-2.jpg\" class=\"attachment-full size-full wp-image-1056\" alt=\"\" srcset=\"https:\/\/transrapit.com\/wp-content\/uploads\/2024\/06\/transrapit-mapa-1-2.jpg 400w, https:\/\/transrapit.com\/wp-content\/uploads\/2024\/06\/transrapit-mapa-1-2-200x300.jpg 200w\" sizes=\"(max-width: 400px) 100vw, 400px\" \/>\t\t\t\t\t\t\t\t\t\t\t\t\t<\/div>\n\t\t\t\t<\/div>\n\t\t\t\t\t<\/div>\n\t\t\t\t<\/div>\n\t\t<div class=\"elementor-element elementor-element-de6a4b1 e-flex e-con-boxed e-con e-child\" data-id=\"de6a4b1\" data-element_type=\"container\">\n\t\t\t\t\t<div class=\"e-con-inner\">\n\t\t\t\t<div class=\"elementor-element elementor-element-a43f625 elementor-widget elementor-widget-image\" data-id=\"a43f625\" data-element_type=\"widget\" data-widget_type=\"image.default\">\n\t\t\t\t<div class=\"elementor-widget-container\">\n\t\t\t\t\t\t\t\t\t\t\t\t\t<img decoding=\"async\" width=\"400\" height=\"600\" src=\"https:\/\/transrapit.com\/wp-content\/uploads\/2024\/06\/img-mapa-2.png\" class=\"attachment-full size-full wp-image-1059\" alt=\"\" srcset=\"https:\/\/transrapit.com\/wp-content\/uploads\/2024\/06\/img-mapa-2.png 400w, https:\/\/transrapit.com\/wp-content\/uploads\/2024\/06\/img-mapa-2-200x300.png 200w\" sizes=\"(max-width: 400px) 100vw, 400px\" \/>\t\t\t\t\t\t\t\t\t\t\t\t\t<\/div>\n\t\t\t\t<\/div>\n\t\t\t\t\t<\/div>\n\t\t\t\t<\/div>\n\t\t<div class=\"elementor-element elementor-element-d8bcd94 e-flex e-con-boxed e-con e-child\" data-id=\"d8bcd94\" data-element_type=\"container\">\n\t\t\t\t\t<div class=\"e-con-inner\">\n\t\t\t\t<div class=\"elementor-element elementor-element-0e4926e elementor-widget elementor-widget-image\" data-id=\"0e4926e\" data-element_type=\"widget\" data-widget_type=\"image.default\">\n\t\t\t\t<div class=\"elementor-widget-container\">\n\t\t\t\t\t\t\t\t\t\t\t\t\t<img loading=\"lazy\" decoding=\"async\" width=\"400\" height=\"600\" src=\"https:\/\/transrapit.com\/wp-content\/uploads\/2024\/06\/2-1.png\" class=\"attachment-full size-full wp-image-1062\" alt=\"\" srcset=\"https:\/\/transrapit.com\/wp-content\/uploads\/2024\/06\/2-1.png 400w, https:\/\/transrapit.com\/wp-content\/uploads\/2024\/06\/2-1-200x300.png 200w\" sizes=\"(max-width: 400px) 100vw, 400px\" \/>\t\t\t\t\t\t\t\t\t\t\t\t\t<\/div>\n\t\t\t\t<\/div>\n\t\t\t\t\t<\/div>\n\t\t\t\t<\/div>\n\t\t<div class=\"elementor-element elementor-element-b697a8c e-flex e-con-boxed e-con e-child\" data-id=\"b697a8c\" data-element_type=\"container\">\n\t\t\t\t\t<div class=\"e-con-inner\">\n\t\t\t\t<div class=\"elementor-element elementor-element-39fde10 elementor-widget elementor-widget-image\" data-id=\"39fde10\" data-element_type=\"widget\" data-widget_type=\"image.default\">\n\t\t\t\t<div class=\"elementor-widget-container\">\n\t\t\t\t\t\t\t\t\t\t\t\t\t<img loading=\"lazy\" decoding=\"async\" width=\"400\" height=\"600\" src=\"https:\/\/transrapit.com\/wp-content\/uploads\/2024\/06\/3-1.png\" class=\"attachment-full size-full wp-image-1065\" alt=\"\" srcset=\"https:\/\/transrapit.com\/wp-content\/uploads\/2024\/06\/3-1.png 400w, https:\/\/transrapit.com\/wp-content\/uploads\/2024\/06\/3-1-200x300.png 200w\" sizes=\"(max-width: 400px) 100vw, 400px\" \/>\t\t\t\t\t\t\t\t\t\t\t\t\t<\/div>\n\t\t\t\t<\/div>\n\t\t\t\t\t<\/div>\n\t\t\t\t<\/div>\n\t\t\t\t\t<\/div>\n\t\t\t\t<\/div>\n\t\t\t\t<\/div>\n\t\t","protected":false},"excerpt":{"rendered":"<p>Service de transport m\u00e9connaissante L\u00e9rida avec le Pyr\u00e9n\u00e9enServices Livret quotidien des marchandises Services quotidiens de livraison de marchandises \u00e0 temp\u00e9rature ambiante ou refroidie \u00e0 n&rsquo;importe quel endroit de la province de L\u00e9rida. Suivi de l&rsquo;envoi Suivi des livraisons ON-LINE pour nos clients. Albarans Vue des albarans de livraison. Stockage Cacher des marchandises. Transporter votre paquetage [&hellip;]<\/p>\n","protected":false},"author":4,"featured_media":0,"parent":0,"menu_order":0,"comment_status":"closed","ping_status":"closed","template":"elementor_header_footer","meta":{"footnotes":""},"yoast_head":"<!-- This site is optimized with the Yoast SEO plugin v23.9 - https:\/\/yoast.com\/wordpress\/plugins\/seo\/ -->\n<title>Transport refrigerat Lleida i Pirineu<\/title>\n<meta name=\"description\" content=\"Optimitza la teva log\u00edstica amb el repartiment diari de paquets de Transvia Rapit a Lleida. Solucions personalitzades per a satisfer les teves necessitats di\u00e0ries.\" \/>\n<meta name=\"robots\" content=\"index, follow, max-snippet:-1, max-image-preview:large, max-video-preview:-1\" \/>\n<link rel=\"canonical\" href=\"https:\/\/transrapit.com\/fr\/services\/\" \/>\n<meta property=\"og:locale\" content=\"fr_FR\" \/>\n<meta property=\"og:type\" content=\"article\" \/>\n<meta property=\"og:title\" content=\"Transport refrigerat Lleida i Pirineu\" \/>\n<meta property=\"og:description\" content=\"Optimitza la teva log\u00edstica amb el repartiment diari de paquets de Transvia Rapit a Lleida. Solucions personalitzades per a satisfer les teves necessitats di\u00e0ries.\" \/>\n<meta property=\"og:url\" content=\"https:\/\/transrapit.com\/fr\/services\/\" \/>\n<meta property=\"og:site_name\" content=\"Transports Rapit\" \/>\n<meta property=\"article:modified_time\" content=\"2024-06-27T10:24:28+00:00\" \/>\n<meta property=\"og:image\" content=\"https:\/\/transrapit.com\/wp-content\/uploads\/2024\/05\/img-termo-1.png\" \/>\n<meta name=\"twitter:card\" content=\"summary_large_image\" \/>\n<meta name=\"twitter:label1\" content=\"Dur\u00e9e de lecture estim\u00e9e\" \/>\n\t<meta name=\"twitter:data1\" content=\"2 minutes\" \/>\n<script type=\"application\/ld+json\" class=\"yoast-schema-graph\">{\"@context\":\"https:\/\/schema.org\",\"@graph\":[{\"@type\":\"WebPage\",\"@id\":\"https:\/\/transrapit.com\/fr\/services\/\",\"url\":\"https:\/\/transrapit.com\/fr\/services\/\",\"name\":\"Transport refrigerat Lleida i Pirineu\",\"isPartOf\":{\"@id\":\"https:\/\/transrapit.com\/fr\/#website\"},\"primaryImageOfPage\":{\"@id\":\"https:\/\/transrapit.com\/fr\/services\/#primaryimage\"},\"image\":{\"@id\":\"https:\/\/transrapit.com\/fr\/services\/#primaryimage\"},\"thumbnailUrl\":\"https:\/\/transrapit.com\/wp-content\/uploads\/2024\/05\/img-termo-1.png\",\"datePublished\":\"2024-05-08T13:38:52+00:00\",\"dateModified\":\"2024-06-27T10:24:28+00:00\",\"description\":\"Optimitza la teva log\u00edstica amb el repartiment diari de paquets de Transvia Rapit a Lleida. Solucions personalitzades per a satisfer les teves necessitats di\u00e0ries.\",\"breadcrumb\":{\"@id\":\"https:\/\/transrapit.com\/fr\/services\/#breadcrumb\"},\"inLanguage\":\"fr-FR\",\"potentialAction\":[{\"@type\":\"ReadAction\",\"target\":[\"https:\/\/transrapit.com\/fr\/services\/\"]}]},{\"@type\":\"ImageObject\",\"inLanguage\":\"fr-FR\",\"@id\":\"https:\/\/transrapit.com\/fr\/services\/#primaryimage\",\"url\":\"https:\/\/transrapit.com\/wp-content\/uploads\/2024\/05\/img-termo-1.png\",\"contentUrl\":\"https:\/\/transrapit.com\/wp-content\/uploads\/2024\/05\/img-termo-1.png\"},{\"@type\":\"BreadcrumbList\",\"@id\":\"https:\/\/transrapit.com\/fr\/services\/#breadcrumb\",\"itemListElement\":[{\"@type\":\"ListItem\",\"position\":1,\"name\":\"Portada\",\"item\":\"https:\/\/transrapit.com\/fr\/\"},{\"@type\":\"ListItem\",\"position\":2,\"name\":\"Services\"}]},{\"@type\":\"WebSite\",\"@id\":\"https:\/\/transrapit.com\/fr\/#website\",\"url\":\"https:\/\/transrapit.com\/fr\/\",\"name\":\"Transports Rapit\",\"description\":\"\",\"publisher\":{\"@id\":\"https:\/\/transrapit.com\/fr\/#organization\"},\"potentialAction\":[{\"@type\":\"SearchAction\",\"target\":{\"@type\":\"EntryPoint\",\"urlTemplate\":\"https:\/\/transrapit.com\/fr\/?s={search_term_string}\"},\"query-input\":{\"@type\":\"PropertyValueSpecification\",\"valueRequired\":true,\"valueName\":\"search_term_string\"}}],\"inLanguage\":\"fr-FR\"},{\"@type\":\"Organization\",\"@id\":\"https:\/\/transrapit.com\/fr\/#organization\",\"name\":\"Transports Rapit\",\"url\":\"https:\/\/transrapit.com\/fr\/\",\"logo\":{\"@type\":\"ImageObject\",\"inLanguage\":\"fr-FR\",\"@id\":\"https:\/\/transrapit.com\/fr\/#\/schema\/logo\/image\/\",\"url\":\"https:\/\/transrapit.com\/wp-content\/uploads\/2024\/05\/trans-rapit-blanc-png.png\",\"contentUrl\":\"https:\/\/transrapit.com\/wp-content\/uploads\/2024\/05\/trans-rapit-blanc-png.png\",\"width\":300,\"height\":150,\"caption\":\"Transports Rapit\"},\"image\":{\"@id\":\"https:\/\/transrapit.com\/fr\/#\/schema\/logo\/image\/\"}}]}<\/script>\n<!-- \/ Yoast SEO plugin. -->","yoast_head_json":{"title":"Transport refrigerat Lleida i Pirineu","description":"Optimitza la teva log\u00edstica amb el repartiment diari de paquets de Transvia Rapit a Lleida. Solucions personalitzades per a satisfer les teves necessitats di\u00e0ries.","robots":{"index":"index","follow":"follow","max-snippet":"max-snippet:-1","max-image-preview":"max-image-preview:large","max-video-preview":"max-video-preview:-1"},"canonical":"https:\/\/transrapit.com\/fr\/services\/","og_locale":"fr_FR","og_type":"article","og_title":"Transport refrigerat Lleida i Pirineu","og_description":"Optimitza la teva log\u00edstica amb el repartiment diari de paquets de Transvia Rapit a Lleida. Solucions personalitzades per a satisfer les teves necessitats di\u00e0ries.","og_url":"https:\/\/transrapit.com\/fr\/services\/","og_site_name":"Transports Rapit","article_modified_time":"2024-06-27T10:24:28+00:00","og_image":[{"url":"https:\/\/transrapit.com\/wp-content\/uploads\/2024\/05\/img-termo-1.png"}],"twitter_card":"summary_large_image","twitter_misc":{"Dur\u00e9e de lecture estim\u00e9e":"2 minutes"},"schema":{"@context":"https:\/\/schema.org","@graph":[{"@type":"WebPage","@id":"https:\/\/transrapit.com\/fr\/services\/","url":"https:\/\/transrapit.com\/fr\/services\/","name":"Transport refrigerat Lleida i Pirineu","isPartOf":{"@id":"https:\/\/transrapit.com\/fr\/#website"},"primaryImageOfPage":{"@id":"https:\/\/transrapit.com\/fr\/services\/#primaryimage"},"image":{"@id":"https:\/\/transrapit.com\/fr\/services\/#primaryimage"},"thumbnailUrl":"https:\/\/transrapit.com\/wp-content\/uploads\/2024\/05\/img-termo-1.png","datePublished":"2024-05-08T13:38:52+00:00","dateModified":"2024-06-27T10:24:28+00:00","description":"Optimitza la teva log\u00edstica amb el repartiment diari de paquets de Transvia Rapit a Lleida. Solucions personalitzades per a satisfer les teves necessitats di\u00e0ries.","breadcrumb":{"@id":"https:\/\/transrapit.com\/fr\/services\/#breadcrumb"},"inLanguage":"fr-FR","potentialAction":[{"@type":"ReadAction","target":["https:\/\/transrapit.com\/fr\/services\/"]}]},{"@type":"ImageObject","inLanguage":"fr-FR","@id":"https:\/\/transrapit.com\/fr\/services\/#primaryimage","url":"https:\/\/transrapit.com\/wp-content\/uploads\/2024\/05\/img-termo-1.png","contentUrl":"https:\/\/transrapit.com\/wp-content\/uploads\/2024\/05\/img-termo-1.png"},{"@type":"BreadcrumbList","@id":"https:\/\/transrapit.com\/fr\/services\/#breadcrumb","itemListElement":[{"@type":"ListItem","position":1,"name":"Portada","item":"https:\/\/transrapit.com\/fr\/"},{"@type":"ListItem","position":2,"name":"Services"}]},{"@type":"WebSite","@id":"https:\/\/transrapit.com\/fr\/#website","url":"https:\/\/transrapit.com\/fr\/","name":"Transports Rapit","description":"","publisher":{"@id":"https:\/\/transrapit.com\/fr\/#organization"},"potentialAction":[{"@type":"SearchAction","target":{"@type":"EntryPoint","urlTemplate":"https:\/\/transrapit.com\/fr\/?s={search_term_string}"},"query-input":{"@type":"PropertyValueSpecification","valueRequired":true,"valueName":"search_term_string"}}],"inLanguage":"fr-FR"},{"@type":"Organization","@id":"https:\/\/transrapit.com\/fr\/#organization","name":"Transports Rapit","url":"https:\/\/transrapit.com\/fr\/","logo":{"@type":"ImageObject","inLanguage":"fr-FR","@id":"https:\/\/transrapit.com\/fr\/#\/schema\/logo\/image\/","url":"https:\/\/transrapit.com\/wp-content\/uploads\/2024\/05\/trans-rapit-blanc-png.png","contentUrl":"https:\/\/transrapit.com\/wp-content\/uploads\/2024\/05\/trans-rapit-blanc-png.png","width":300,"height":150,"caption":"Transports Rapit"},"image":{"@id":"https:\/\/transrapit.com\/fr\/#\/schema\/logo\/image\/"}}]}},"_links":{"self":[{"href":"https:\/\/transrapit.com\/fr\/wp-json\/wp\/v2\/pages\/435"}],"collection":[{"href":"https:\/\/transrapit.com\/fr\/wp-json\/wp\/v2\/pages"}],"about":[{"href":"https:\/\/transrapit.com\/fr\/wp-json\/wp\/v2\/types\/page"}],"author":[{"embeddable":true,"href":"https:\/\/transrapit.com\/fr\/wp-json\/wp\/v2\/users\/4"}],"replies":[{"embeddable":true,"href":"https:\/\/transrapit.com\/fr\/wp-json\/wp\/v2\/comments?post=435"}],"version-history":[{"count":41,"href":"https:\/\/transrapit.com\/fr\/wp-json\/wp\/v2\/pages\/435\/revisions"}],"predecessor-version":[{"id":1094,"href":"https:\/\/transrapit.com\/fr\/wp-json\/wp\/v2\/pages\/435\/revisions\/1094"}],"wp:attachment":[{"href":"https:\/\/transrapit.com\/fr\/wp-json\/wp\/v2\/media?parent=435"}],"curies":[{"name":"wp","href":"https:\/\/api.w.org\/{rel}","templated":true}]}}