{"id":343,"date":"2024-05-08T16:06:14","date_gmt":"2024-05-08T14:06:14","guid":{"rendered":"https:\/\/transrapit.panelserver.eu\/contacte\/"},"modified":"2024-06-27T12:25:31","modified_gmt":"2024-06-27T10:25:31","slug":"contacto","status":"publish","type":"page","link":"https:\/\/transrapit.com\/es\/contacto\/","title":{"rendered":"Contacto"},"content":{"rendered":"\t\t<div data-elementor-type=\"wp-post\" data-elementor-id=\"343\" class=\"elementor elementor-343 elementor-141\" data-elementor-post-type=\"page\">\n\t\t\t\t<div class=\"elementor-element elementor-element-c8082f0 e-con-full e-flex e-con e-parent\" data-id=\"c8082f0\" data-element_type=\"container\">\n\t\t\t\t<div class=\"elementor-element elementor-element-0d49b55 elementor--h-position-center elementor--v-position-middle elementor-arrows-position-inside elementor-pagination-position-inside elementor-widget elementor-widget-slides\" data-id=\"0d49b55\" data-element_type=\"widget\" data-settings=\"{&quot;navigation&quot;:&quot;both&quot;,&quot;autoplay&quot;:&quot;yes&quot;,&quot;pause_on_hover&quot;:&quot;yes&quot;,&quot;pause_on_interaction&quot;:&quot;yes&quot;,&quot;autoplay_speed&quot;:5000,&quot;infinite&quot;:&quot;yes&quot;,&quot;transition&quot;:&quot;slide&quot;,&quot;transition_speed&quot;:500}\" data-widget_type=\"slides.default\">\n\t\t\t\t<div class=\"elementor-widget-container\">\n\t\t\t\t\t<div class=\"elementor-swiper\">\n\t\t\t<div class=\"elementor-slides-wrapper elementor-main-swiper swiper\" dir=\"ltr\" data-animation=\"fadeInUp\">\n\t\t\t\t<div class=\"swiper-wrapper elementor-slides\">\n\t\t\t\t\t\t\t\t\t\t<div class=\"elementor-repeater-item-be28098 swiper-slide\"><div class=\"swiper-slide-bg\" role=\"img\"><\/div><div class=\"elementor-background-overlay\"><\/div><a class=\"swiper-slide-inner\" href=\"\/contacte\"><div class=\"swiper-slide-contents\"><div class=\"elementor-slide-description\">Contacto<\/div><\/div><\/a><\/div>\t\t\t\t<\/div>\n\t\t\t\t\t\t\t<\/div>\n\t\t<\/div>\n\t\t\t\t<\/div>\n\t\t\t\t<\/div>\n\t\t\t\t<\/div>\n\t\t\t\t<\/div>\n\t\t","protected":false},"excerpt":{"rendered":"<p>Contacto<\/p>\n","protected":false},"author":4,"featured_media":0,"parent":0,"menu_order":0,"comment_status":"closed","ping_status":"closed","template":"elementor_header_footer","meta":{"footnotes":""},"yoast_head":"<!-- This site is optimized with the Yoast SEO plugin v23.9 - https:\/\/yoast.com\/wordpress\/plugins\/seo\/ -->\n<title>Env\u00edo y transporte de paqueter\u00eda Lleida<\/title>\n<meta name=\"description\" content=\"Contacta con los servicios de paqueter\u00eda y transporte de Transvia Rapit en Lleida. Comprometidos con la excelencia y la satisfacci\u00f3n del cliente.\" \/>\n<meta name=\"robots\" content=\"index, follow, max-snippet:-1, max-image-preview:large, max-video-preview:-1\" \/>\n<link rel=\"canonical\" href=\"https:\/\/transrapit.com\/es\/contacto\/\" \/>\n<meta property=\"og:locale\" content=\"es_ES\" \/>\n<meta property=\"og:type\" content=\"article\" \/>\n<meta property=\"og:title\" content=\"Env\u00edo y transporte de paqueter\u00eda Lleida\" \/>\n<meta property=\"og:description\" content=\"Contacta con los servicios de paqueter\u00eda y transporte de Transvia Rapit en Lleida. Comprometidos con la excelencia y la satisfacci\u00f3n del cliente.\" \/>\n<meta property=\"og:url\" content=\"https:\/\/transrapit.com\/es\/contacto\/\" \/>\n<meta property=\"og:site_name\" content=\"Transports Rapit\" \/>\n<meta property=\"article:modified_time\" content=\"2024-06-27T10:25:31+00:00\" \/>\n<meta name=\"twitter:card\" content=\"summary_large_image\" \/>\n<meta name=\"twitter:label1\" content=\"Tiempo de lectura\" \/>\n\t<meta name=\"twitter:data1\" content=\"1 minuto\" \/>\n<script type=\"application\/ld+json\" class=\"yoast-schema-graph\">{\"@context\":\"https:\/\/schema.org\",\"@graph\":[{\"@type\":\"WebPage\",\"@id\":\"https:\/\/transrapit.com\/es\/contacto\/\",\"url\":\"https:\/\/transrapit.com\/es\/contacto\/\",\"name\":\"Env\u00edo y transporte de paqueter\u00eda Lleida\",\"isPartOf\":{\"@id\":\"https:\/\/transrapit.com\/es\/#website\"},\"datePublished\":\"2024-05-08T14:06:14+00:00\",\"dateModified\":\"2024-06-27T10:25:31+00:00\",\"description\":\"Contacta con los servicios de paqueter\u00eda y transporte de Transvia Rapit en Lleida. Comprometidos con la excelencia y la satisfacci\u00f3n del cliente.\",\"breadcrumb\":{\"@id\":\"https:\/\/transrapit.com\/es\/contacto\/#breadcrumb\"},\"inLanguage\":\"es\",\"potentialAction\":[{\"@type\":\"ReadAction\",\"target\":[\"https:\/\/transrapit.com\/es\/contacto\/\"]}]},{\"@type\":\"BreadcrumbList\",\"@id\":\"https:\/\/transrapit.com\/es\/contacto\/#breadcrumb\",\"itemListElement\":[{\"@type\":\"ListItem\",\"position\":1,\"name\":\"Portada\",\"item\":\"https:\/\/transrapit.com\/es\/\"},{\"@type\":\"ListItem\",\"position\":2,\"name\":\"Contacto\"}]},{\"@type\":\"WebSite\",\"@id\":\"https:\/\/transrapit.com\/es\/#website\",\"url\":\"https:\/\/transrapit.com\/es\/\",\"name\":\"Transports Rapit\",\"description\":\"\",\"publisher\":{\"@id\":\"https:\/\/transrapit.com\/es\/#organization\"},\"potentialAction\":[{\"@type\":\"SearchAction\",\"target\":{\"@type\":\"EntryPoint\",\"urlTemplate\":\"https:\/\/transrapit.com\/es\/?s={search_term_string}\"},\"query-input\":{\"@type\":\"PropertyValueSpecification\",\"valueRequired\":true,\"valueName\":\"search_term_string\"}}],\"inLanguage\":\"es\"},{\"@type\":\"Organization\",\"@id\":\"https:\/\/transrapit.com\/es\/#organization\",\"name\":\"Transports Rapit\",\"url\":\"https:\/\/transrapit.com\/es\/\",\"logo\":{\"@type\":\"ImageObject\",\"inLanguage\":\"es\",\"@id\":\"https:\/\/transrapit.com\/es\/#\/schema\/logo\/image\/\",\"url\":\"https:\/\/transrapit.com\/wp-content\/uploads\/2024\/05\/trans-rapit-blanc-png.png\",\"contentUrl\":\"https:\/\/transrapit.com\/wp-content\/uploads\/2024\/05\/trans-rapit-blanc-png.png\",\"width\":300,\"height\":150,\"caption\":\"Transports Rapit\"},\"image\":{\"@id\":\"https:\/\/transrapit.com\/es\/#\/schema\/logo\/image\/\"}}]}<\/script>\n<!-- \/ Yoast SEO plugin. -->","yoast_head_json":{"title":"Env\u00edo y transporte de paqueter\u00eda Lleida","description":"Contacta con los servicios de paqueter\u00eda y transporte de Transvia Rapit en Lleida. Comprometidos con la excelencia y la satisfacci\u00f3n del cliente.","robots":{"index":"index","follow":"follow","max-snippet":"max-snippet:-1","max-image-preview":"max-image-preview:large","max-video-preview":"max-video-preview:-1"},"canonical":"https:\/\/transrapit.com\/es\/contacto\/","og_locale":"es_ES","og_type":"article","og_title":"Env\u00edo y transporte de paqueter\u00eda Lleida","og_description":"Contacta con los servicios de paqueter\u00eda y transporte de Transvia Rapit en Lleida. Comprometidos con la excelencia y la satisfacci\u00f3n del cliente.","og_url":"https:\/\/transrapit.com\/es\/contacto\/","og_site_name":"Transports Rapit","article_modified_time":"2024-06-27T10:25:31+00:00","twitter_card":"summary_large_image","twitter_misc":{"Tiempo de lectura":"1 minuto"},"schema":{"@context":"https:\/\/schema.org","@graph":[{"@type":"WebPage","@id":"https:\/\/transrapit.com\/es\/contacto\/","url":"https:\/\/transrapit.com\/es\/contacto\/","name":"Env\u00edo y transporte de paqueter\u00eda Lleida","isPartOf":{"@id":"https:\/\/transrapit.com\/es\/#website"},"datePublished":"2024-05-08T14:06:14+00:00","dateModified":"2024-06-27T10:25:31+00:00","description":"Contacta con los servicios de paqueter\u00eda y transporte de Transvia Rapit en Lleida. Comprometidos con la excelencia y la satisfacci\u00f3n del cliente.","breadcrumb":{"@id":"https:\/\/transrapit.com\/es\/contacto\/#breadcrumb"},"inLanguage":"es","potentialAction":[{"@type":"ReadAction","target":["https:\/\/transrapit.com\/es\/contacto\/"]}]},{"@type":"BreadcrumbList","@id":"https:\/\/transrapit.com\/es\/contacto\/#breadcrumb","itemListElement":[{"@type":"ListItem","position":1,"name":"Portada","item":"https:\/\/transrapit.com\/es\/"},{"@type":"ListItem","position":2,"name":"Contacto"}]},{"@type":"WebSite","@id":"https:\/\/transrapit.com\/es\/#website","url":"https:\/\/transrapit.com\/es\/","name":"Transports Rapit","description":"","publisher":{"@id":"https:\/\/transrapit.com\/es\/#organization"},"potentialAction":[{"@type":"SearchAction","target":{"@type":"EntryPoint","urlTemplate":"https:\/\/transrapit.com\/es\/?s={search_term_string}"},"query-input":{"@type":"PropertyValueSpecification","valueRequired":true,"valueName":"search_term_string"}}],"inLanguage":"es"},{"@type":"Organization","@id":"https:\/\/transrapit.com\/es\/#organization","name":"Transports Rapit","url":"https:\/\/transrapit.com\/es\/","logo":{"@type":"ImageObject","inLanguage":"es","@id":"https:\/\/transrapit.com\/es\/#\/schema\/logo\/image\/","url":"https:\/\/transrapit.com\/wp-content\/uploads\/2024\/05\/trans-rapit-blanc-png.png","contentUrl":"https:\/\/transrapit.com\/wp-content\/uploads\/2024\/05\/trans-rapit-blanc-png.png","width":300,"height":150,"caption":"Transports Rapit"},"image":{"@id":"https:\/\/transrapit.com\/es\/#\/schema\/logo\/image\/"}}]}},"_links":{"self":[{"href":"https:\/\/transrapit.com\/es\/wp-json\/wp\/v2\/pages\/343"}],"collection":[{"href":"https:\/\/transrapit.com\/es\/wp-json\/wp\/v2\/pages"}],"about":[{"href":"https:\/\/transrapit.com\/es\/wp-json\/wp\/v2\/types\/page"}],"author":[{"embeddable":true,"href":"https:\/\/transrapit.com\/es\/wp-json\/wp\/v2\/users\/4"}],"replies":[{"embeddable":true,"href":"https:\/\/transrapit.com\/es\/wp-json\/wp\/v2\/comments?post=343"}],"version-history":[{"count":20,"href":"https:\/\/transrapit.com\/es\/wp-json\/wp\/v2\/pages\/343\/revisions"}],"predecessor-version":[{"id":1103,"href":"https:\/\/transrapit.com\/es\/wp-json\/wp\/v2\/pages\/343\/revisions\/1103"}],"wp:attachment":[{"href":"https:\/\/transrapit.com\/es\/wp-json\/wp\/v2\/media?parent=343"}],"curies":[{"name":"wp","href":"https:\/\/api.w.org\/{rel}","templated":true}]}}