{"id":329,"date":"2024-05-08T14:49:58","date_gmt":"2024-05-08T12:49:58","guid":{"rendered":"https:\/\/transrapit.panelserver.eu\/sobre-nosaltres\/"},"modified":"2024-06-13T11:55:51","modified_gmt":"2024-06-13T09:55:51","slug":"sobre-nosotros","status":"publish","type":"page","link":"https:\/\/transrapit.com\/es\/sobre-nosotros\/","title":{"rendered":"Sobre nosotros"},"content":{"rendered":"\t\t<div data-elementor-type=\"wp-post\" data-elementor-id=\"329\" class=\"elementor elementor-329 elementor-98\" data-elementor-post-type=\"page\">\n\t\t\t\t<div class=\"elementor-element elementor-element-c8082f0 e-con-full e-flex e-con e-parent\" data-id=\"c8082f0\" data-element_type=\"container\">\n\t\t\t\t<div class=\"elementor-element elementor-element-0d49b55 elementor--h-position-center elementor--v-position-middle elementor-arrows-position-inside elementor-pagination-position-inside elementor-widget elementor-widget-slides\" data-id=\"0d49b55\" data-element_type=\"widget\" data-settings=\"{&quot;navigation&quot;:&quot;both&quot;,&quot;autoplay&quot;:&quot;yes&quot;,&quot;pause_on_hover&quot;:&quot;yes&quot;,&quot;pause_on_interaction&quot;:&quot;yes&quot;,&quot;autoplay_speed&quot;:5000,&quot;infinite&quot;:&quot;yes&quot;,&quot;transition&quot;:&quot;slide&quot;,&quot;transition_speed&quot;:500}\" data-widget_type=\"slides.default\">\n\t\t\t\t<div class=\"elementor-widget-container\">\n\t\t\t\t\t<div class=\"elementor-swiper\">\n\t\t\t<div class=\"elementor-slides-wrapper elementor-main-swiper swiper\" dir=\"ltr\" data-animation=\"fadeInUp\">\n\t\t\t\t<div class=\"swiper-wrapper elementor-slides\">\n\t\t\t\t\t\t\t\t\t\t<div class=\"elementor-repeater-item-be28098 swiper-slide\"><div class=\"swiper-slide-bg\" role=\"img\"><\/div><div class=\"elementor-background-overlay\"><\/div><a class=\"swiper-slide-inner\" href=\"\/contacte\"><div class=\"swiper-slide-contents\"><h1 class=\"elementor-slide-heading\">Transvia Rapit, l\u00edderes en Transporte por Carretera en Lleida y Pirineo<\/h1><div class=\"elementor-slide-description\">Sobre nosotros<\/div><\/div><\/a><\/div>\t\t\t\t<\/div>\n\t\t\t\t\t\t\t<\/div>\n\t\t<\/div>\n\t\t\t\t<\/div>\n\t\t\t\t<\/div>\n\t\t\t\t<\/div>\n\t\t<div class=\"elementor-element elementor-element-1f5a6f6 e-flex e-con-boxed e-con e-parent\" data-id=\"1f5a6f6\" data-element_type=\"container\" data-settings=\"{&quot;background_background&quot;:&quot;classic&quot;}\">\n\t\t\t\t\t<div class=\"e-con-inner\">\n\t\t<div class=\"elementor-element elementor-element-7b49055 e-flex e-con-boxed e-con e-child\" data-id=\"7b49055\" data-element_type=\"container\" data-settings=\"{&quot;background_background&quot;:&quot;classic&quot;}\">\n\t\t\t\t\t<div class=\"e-con-inner\">\n\t\t\t\t<div class=\"elementor-element elementor-element-ff0d333 elementor-widget elementor-widget-image\" data-id=\"ff0d333\" data-element_type=\"widget\" data-widget_type=\"image.default\">\n\t\t\t\t<div class=\"elementor-widget-container\">\n\t\t\t\t\t\t\t\t\t\t\t\t\t<img fetchpriority=\"high\" decoding=\"async\" width=\"500\" height=\"500\" src=\"https:\/\/transrapit.com\/wp-content\/uploads\/2024\/05\/iconos-valores-3.png\" class=\"attachment-full size-full wp-image-190\" alt=\"\" srcset=\"https:\/\/transrapit.com\/wp-content\/uploads\/2024\/05\/iconos-valores-3.png 500w, https:\/\/transrapit.com\/wp-content\/uploads\/2024\/05\/iconos-valores-3-300x300.png 300w, https:\/\/transrapit.com\/wp-content\/uploads\/2024\/05\/iconos-valores-3-150x150.png 150w\" sizes=\"(max-width: 500px) 100vw, 500px\" \/>\t\t\t\t\t\t\t\t\t\t\t\t\t<\/div>\n\t\t\t\t<\/div>\n\t\t\t\t<div class=\"elementor-element elementor-element-60f689f elementor-widget elementor-widget-heading\" data-id=\"60f689f\" data-element_type=\"widget\" data-widget_type=\"heading.default\">\n\t\t\t\t<div class=\"elementor-widget-container\">\n\t\t\t<h2 class=\"elementor-heading-title elementor-size-default\">Calidad<\/h2>\t\t<\/div>\n\t\t\t\t<\/div>\n\t\t\t\t\t<\/div>\n\t\t\t\t<\/div>\n\t\t<div class=\"elementor-element elementor-element-d7b1e43 e-flex e-con-boxed e-con e-child\" data-id=\"d7b1e43\" data-element_type=\"container\" data-settings=\"{&quot;background_background&quot;:&quot;classic&quot;}\">\n\t\t\t\t\t<div class=\"e-con-inner\">\n\t\t\t\t<div class=\"elementor-element elementor-element-1f02e2c elementor-widget elementor-widget-image\" data-id=\"1f02e2c\" data-element_type=\"widget\" data-widget_type=\"image.default\">\n\t\t\t\t<div class=\"elementor-widget-container\">\n\t\t\t\t\t\t\t\t\t\t\t\t\t<img decoding=\"async\" width=\"500\" height=\"500\" src=\"https:\/\/transrapit.com\/wp-content\/uploads\/2024\/05\/iconos-valores-4.png\" class=\"attachment-full size-full wp-image-199\" alt=\"\" srcset=\"https:\/\/transrapit.com\/wp-content\/uploads\/2024\/05\/iconos-valores-4.png 500w, https:\/\/transrapit.com\/wp-content\/uploads\/2024\/05\/iconos-valores-4-300x300.png 300w, https:\/\/transrapit.com\/wp-content\/uploads\/2024\/05\/iconos-valores-4-150x150.png 150w\" sizes=\"(max-width: 500px) 100vw, 500px\" \/>\t\t\t\t\t\t\t\t\t\t\t\t\t<\/div>\n\t\t\t\t<\/div>\n\t\t\t\t<div class=\"elementor-element elementor-element-244ad1d elementor-widget elementor-widget-heading\" data-id=\"244ad1d\" data-element_type=\"widget\" data-widget_type=\"heading.default\">\n\t\t\t\t<div class=\"elementor-widget-container\">\n\t\t\t<h2 class=\"elementor-heading-title elementor-size-default\">Rapidez<\/h2>\t\t<\/div>\n\t\t\t\t<\/div>\n\t\t\t\t\t<\/div>\n\t\t\t\t<\/div>\n\t\t<div class=\"elementor-element elementor-element-88c3f95 e-flex e-con-boxed e-con e-child\" data-id=\"88c3f95\" data-element_type=\"container\" data-settings=\"{&quot;background_background&quot;:&quot;classic&quot;}\">\n\t\t\t\t\t<div class=\"e-con-inner\">\n\t\t\t\t<div class=\"elementor-element elementor-element-ba95235 elementor-widget elementor-widget-image\" data-id=\"ba95235\" data-element_type=\"widget\" data-widget_type=\"image.default\">\n\t\t\t\t<div class=\"elementor-widget-container\">\n\t\t\t\t\t\t\t\t\t\t\t\t\t<img decoding=\"async\" width=\"500\" height=\"500\" src=\"https:\/\/transrapit.com\/wp-content\/uploads\/2024\/05\/iconos-valores-1.png\" class=\"attachment-full size-full wp-image-193\" alt=\"\" srcset=\"https:\/\/transrapit.com\/wp-content\/uploads\/2024\/05\/iconos-valores-1.png 500w, https:\/\/transrapit.com\/wp-content\/uploads\/2024\/05\/iconos-valores-1-300x300.png 300w, https:\/\/transrapit.com\/wp-content\/uploads\/2024\/05\/iconos-valores-1-150x150.png 150w\" sizes=\"(max-width: 500px) 100vw, 500px\" \/>\t\t\t\t\t\t\t\t\t\t\t\t\t<\/div>\n\t\t\t\t<\/div>\n\t\t\t\t<div class=\"elementor-element elementor-element-e0af59a elementor-widget elementor-widget-heading\" data-id=\"e0af59a\" data-element_type=\"widget\" data-widget_type=\"heading.default\">\n\t\t\t\t<div class=\"elementor-widget-container\">\n\t\t\t<h2 class=\"elementor-heading-title elementor-size-default\">Seguridad<\/h2>\t\t<\/div>\n\t\t\t\t<\/div>\n\t\t\t\t\t<\/div>\n\t\t\t\t<\/div>\n\t\t<div class=\"elementor-element elementor-element-95feaea e-flex e-con-boxed e-con e-child\" data-id=\"95feaea\" data-element_type=\"container\" data-settings=\"{&quot;background_background&quot;:&quot;classic&quot;}\">\n\t\t\t\t\t<div class=\"e-con-inner\">\n\t\t\t\t<div class=\"elementor-element elementor-element-5264577 elementor-widget elementor-widget-image\" data-id=\"5264577\" data-element_type=\"widget\" data-widget_type=\"image.default\">\n\t\t\t\t<div class=\"elementor-widget-container\">\n\t\t\t\t\t\t\t\t\t\t\t\t\t<img loading=\"lazy\" decoding=\"async\" width=\"500\" height=\"500\" src=\"https:\/\/transrapit.com\/wp-content\/uploads\/2024\/05\/iconos-valores-2.png\" class=\"attachment-full size-full wp-image-196\" alt=\"\" srcset=\"https:\/\/transrapit.com\/wp-content\/uploads\/2024\/05\/iconos-valores-2.png 500w, https:\/\/transrapit.com\/wp-content\/uploads\/2024\/05\/iconos-valores-2-300x300.png 300w, https:\/\/transrapit.com\/wp-content\/uploads\/2024\/05\/iconos-valores-2-150x150.png 150w\" sizes=\"(max-width: 500px) 100vw, 500px\" \/>\t\t\t\t\t\t\t\t\t\t\t\t\t<\/div>\n\t\t\t\t<\/div>\n\t\t\t\t<div class=\"elementor-element elementor-element-b6ce6ae elementor-widget elementor-widget-heading\" data-id=\"b6ce6ae\" data-element_type=\"widget\" data-widget_type=\"heading.default\">\n\t\t\t\t<div class=\"elementor-widget-container\">\n\t\t\t<h2 class=\"elementor-heading-title elementor-size-default\">Atenci\u00f3n<\/h2>\t\t<\/div>\n\t\t\t\t<\/div>\n\t\t\t\t\t<\/div>\n\t\t\t\t<\/div>\n\t\t\t\t\t<\/div>\n\t\t\t\t<\/div>\n\t\t<div class=\"elementor-element elementor-element-baa98d6 e-flex e-con-boxed e-con e-parent\" data-id=\"baa98d6\" data-element_type=\"container\" data-settings=\"{&quot;background_background&quot;:&quot;classic&quot;}\">\n\t\t\t\t\t<div class=\"e-con-inner\">\n\t\t<div class=\"elementor-element elementor-element-db2d58c e-flex e-con-boxed e-con e-child\" data-id=\"db2d58c\" data-element_type=\"container\" data-settings=\"{&quot;background_background&quot;:&quot;classic&quot;}\">\n\t\t\t\t\t<div class=\"e-con-inner\">\n\t\t\t\t<div class=\"elementor-element elementor-element-264f2ea elementor-widget elementor-widget-heading\" data-id=\"264f2ea\" data-element_type=\"widget\" data-widget_type=\"heading.default\">\n\t\t\t\t<div class=\"elementor-widget-container\">\n\t\t\t<h2 class=\"elementor-heading-title elementor-size-default\">Sobre nosotros<\/h2>\t\t<\/div>\n\t\t\t\t<\/div>\n\t\t\t\t<div class=\"elementor-element elementor-element-a6d0cea elementor-widget elementor-widget-text-editor\" data-id=\"a6d0cea\" data-element_type=\"widget\" data-widget_type=\"text-editor.default\">\n\t\t\t\t<div class=\"elementor-widget-container\">\n\t\t\t\t\t\t\t<p>Transports RAPIT, es una empresa dedicada al transporte de paqueter\u00eda, tanto a temperatura ambiente como contralada, dentro de la provincia de Lleida.<\/p><p>Especialistas en zonas de alta Monta\u00f1a del Pirineo, con bases propias a Vielha, Tremp, Lleida y Santa Perpetua de Mogoda (Barcelona).<\/p>\t\t\t\t\t\t<\/div>\n\t\t\t\t<\/div>\n\t\t\t\t\t<\/div>\n\t\t\t\t<\/div>\n\t\t\t\t\t<\/div>\n\t\t\t\t<\/div>\n\t\t<div class=\"elementor-element elementor-element-c826891 e-con-full e-flex e-con e-parent\" data-id=\"c826891\" data-element_type=\"container\">\n\t\t<div class=\"elementor-element elementor-element-e085f05 e-con-full e-flex e-con e-child\" data-id=\"e085f05\" data-element_type=\"container\" data-settings=\"{&quot;background_background&quot;:&quot;classic&quot;}\">\n\t\t\t\t<\/div>\n\t\t<div class=\"elementor-element elementor-element-a142751 e-con-full e-flex e-con e-child\" data-id=\"a142751\" data-element_type=\"container\">\n\t\t\t\t<div class=\"elementor-element elementor-element-5f39a7e elementor-widget elementor-widget-heading\" data-id=\"5f39a7e\" data-element_type=\"widget\" data-widget_type=\"heading.default\">\n\t\t\t\t<div class=\"elementor-widget-container\">\n\t\t\t<h2 class=\"elementor-heading-title elementor-size-default\">Or\u00edgenes<\/h2>\t\t<\/div>\n\t\t\t\t<\/div>\n\t\t\t\t<div class=\"elementor-element elementor-element-3b90d93 elementor-widget elementor-widget-text-editor\" data-id=\"3b90d93\" data-element_type=\"widget\" data-widget_type=\"text-editor.default\">\n\t\t\t\t<div class=\"elementor-widget-container\">\n\t\t\t\t\t\t\t<p>Transports RAPIT, es la continuaci\u00f3n generacional de empresas de transporte que a lo largo del pasado siglo XX movieron mercanc\u00edas desde las zonas industriales de Catalu\u00f1a, hacia el interior del territorio con medios ancestrales como las carretas de caballos, hasta nuestros d\u00edas que disponemos de locales y medios dotados de la m\u00e1xima modernidad.<\/p>\t\t\t\t\t\t<\/div>\n\t\t\t\t<\/div>\n\t\t\t\t<\/div>\n\t\t\t\t<\/div>\n\t\t<div class=\"elementor-element elementor-element-b5ce8de e-con-full e-flex e-con e-parent\" data-id=\"b5ce8de\" data-element_type=\"container\">\n\t\t<div class=\"elementor-element elementor-element-9decade e-con-full e-flex e-con e-child\" data-id=\"9decade\" data-element_type=\"container\">\n\t\t\t\t<div class=\"elementor-element elementor-element-7b7da07 elementor-widget elementor-widget-heading\" data-id=\"7b7da07\" data-element_type=\"widget\" data-widget_type=\"heading.default\">\n\t\t\t\t<div class=\"elementor-widget-container\">\n\t\t\t<h2 class=\"elementor-heading-title elementor-size-default\">Nuestra visi\u00f3n de futuro<\/h2>\t\t<\/div>\n\t\t\t\t<\/div>\n\t\t\t\t<div class=\"elementor-element elementor-element-25cf6f0 elementor-widget elementor-widget-text-editor\" data-id=\"25cf6f0\" data-element_type=\"widget\" data-widget_type=\"text-editor.default\">\n\t\t\t\t<div class=\"elementor-widget-container\">\n\t\t\t\t\t\t\t<p>Las zonas Pirinencas en las cuales estamos situados, son un paso natural de comunicaci\u00f3n viaria para los pa\u00edses Europeos, haciendo que el tr\u00e1fico de mercanc\u00edas pueda ganar en rapidez y eficacia hacia estos mercados.<\/p>\t\t\t\t\t\t<\/div>\n\t\t\t\t<\/div>\n\t\t\t\t<\/div>\n\t\t<div class=\"elementor-element elementor-element-d9521c9 e-con-full elementor-hidden-tablet elementor-hidden-mobile e-flex e-con e-child\" data-id=\"d9521c9\" data-element_type=\"container\" data-settings=\"{&quot;background_background&quot;:&quot;classic&quot;}\">\n\t\t\t\t<\/div>\n\t\t\t\t<\/div>\n\t\t\t\t<\/div>\n\t\t","protected":false},"excerpt":{"rendered":"<p>Transvia Rapit, l\u00edderes en Transporte por Carretera en Lleida y Pirineo Sobre nosotros Calidad Rapidez Seguridad Atenci\u00f3n Sobre nosotros Transports RAPIT, es una empresa dedicada al transporte de paqueter\u00eda, tanto a temperatura ambiente como contralada, dentro de la provincia de Lleida. Especialistas en zonas de alta Monta\u00f1a del Pirineo, con bases propias a Vielha, Tremp, [&hellip;]<\/p>\n","protected":false},"author":4,"featured_media":0,"parent":0,"menu_order":0,"comment_status":"closed","ping_status":"closed","template":"elementor_header_footer","meta":{"footnotes":""},"yoast_head":"<!-- This site is optimized with the Yoast SEO plugin v23.9 - https:\/\/yoast.com\/wordpress\/plugins\/seo\/ -->\n<title>Servicio de paqueter\u00eda Lleida<\/title>\n<meta name=\"description\" content=\"Especializados en transporte refrigerado, Transvia Rapit asegura la integridad de tus productos en Lleida y Pirineo. Calidad y frescura garantizadas en cada env\u00edo.\" \/>\n<meta name=\"robots\" content=\"index, follow, max-snippet:-1, max-image-preview:large, max-video-preview:-1\" \/>\n<link rel=\"canonical\" href=\"https:\/\/transrapit.com\/es\/sobre-nosotros\/\" \/>\n<meta property=\"og:locale\" content=\"es_ES\" \/>\n<meta property=\"og:type\" content=\"article\" \/>\n<meta property=\"og:title\" content=\"Servicio de paqueter\u00eda Lleida\" \/>\n<meta property=\"og:description\" content=\"Especializados en transporte refrigerado, Transvia Rapit asegura la integridad de tus productos en Lleida y Pirineo. Calidad y frescura garantizadas en cada env\u00edo.\" \/>\n<meta property=\"og:url\" content=\"https:\/\/transrapit.com\/es\/sobre-nosotros\/\" \/>\n<meta property=\"og:site_name\" content=\"Transports Rapit\" \/>\n<meta property=\"article:modified_time\" content=\"2024-06-13T09:55:51+00:00\" \/>\n<meta property=\"og:image\" content=\"https:\/\/transrapit.com\/wp-content\/uploads\/2024\/05\/iconos-valores-3.png\" \/>\n<meta name=\"twitter:card\" content=\"summary_large_image\" \/>\n<meta name=\"twitter:label1\" content=\"Tiempo de lectura\" \/>\n\t<meta name=\"twitter:data1\" content=\"2 minutos\" \/>\n<script type=\"application\/ld+json\" class=\"yoast-schema-graph\">{\"@context\":\"https:\/\/schema.org\",\"@graph\":[{\"@type\":\"WebPage\",\"@id\":\"https:\/\/transrapit.com\/es\/sobre-nosotros\/\",\"url\":\"https:\/\/transrapit.com\/es\/sobre-nosotros\/\",\"name\":\"Servicio de paqueter\u00eda Lleida\",\"isPartOf\":{\"@id\":\"https:\/\/transrapit.com\/es\/#website\"},\"primaryImageOfPage\":{\"@id\":\"https:\/\/transrapit.com\/es\/sobre-nosotros\/#primaryimage\"},\"image\":{\"@id\":\"https:\/\/transrapit.com\/es\/sobre-nosotros\/#primaryimage\"},\"thumbnailUrl\":\"https:\/\/transrapit.com\/wp-content\/uploads\/2024\/05\/iconos-valores-3.png\",\"datePublished\":\"2024-05-08T12:49:58+00:00\",\"dateModified\":\"2024-06-13T09:55:51+00:00\",\"description\":\"Especializados en transporte refrigerado, Transvia Rapit asegura la integridad de tus productos en Lleida y Pirineo. Calidad y frescura garantizadas en cada env\u00edo.\",\"breadcrumb\":{\"@id\":\"https:\/\/transrapit.com\/es\/sobre-nosotros\/#breadcrumb\"},\"inLanguage\":\"es\",\"potentialAction\":[{\"@type\":\"ReadAction\",\"target\":[\"https:\/\/transrapit.com\/es\/sobre-nosotros\/\"]}]},{\"@type\":\"ImageObject\",\"inLanguage\":\"es\",\"@id\":\"https:\/\/transrapit.com\/es\/sobre-nosotros\/#primaryimage\",\"url\":\"https:\/\/transrapit.com\/wp-content\/uploads\/2024\/05\/iconos-valores-3.png\",\"contentUrl\":\"https:\/\/transrapit.com\/wp-content\/uploads\/2024\/05\/iconos-valores-3.png\"},{\"@type\":\"BreadcrumbList\",\"@id\":\"https:\/\/transrapit.com\/es\/sobre-nosotros\/#breadcrumb\",\"itemListElement\":[{\"@type\":\"ListItem\",\"position\":1,\"name\":\"Portada\",\"item\":\"https:\/\/transrapit.com\/es\/\"},{\"@type\":\"ListItem\",\"position\":2,\"name\":\"Sobre nosotros\"}]},{\"@type\":\"WebSite\",\"@id\":\"https:\/\/transrapit.com\/es\/#website\",\"url\":\"https:\/\/transrapit.com\/es\/\",\"name\":\"Transports Rapit\",\"description\":\"\",\"publisher\":{\"@id\":\"https:\/\/transrapit.com\/es\/#organization\"},\"potentialAction\":[{\"@type\":\"SearchAction\",\"target\":{\"@type\":\"EntryPoint\",\"urlTemplate\":\"https:\/\/transrapit.com\/es\/?s={search_term_string}\"},\"query-input\":{\"@type\":\"PropertyValueSpecification\",\"valueRequired\":true,\"valueName\":\"search_term_string\"}}],\"inLanguage\":\"es\"},{\"@type\":\"Organization\",\"@id\":\"https:\/\/transrapit.com\/es\/#organization\",\"name\":\"Transports Rapit\",\"url\":\"https:\/\/transrapit.com\/es\/\",\"logo\":{\"@type\":\"ImageObject\",\"inLanguage\":\"es\",\"@id\":\"https:\/\/transrapit.com\/es\/#\/schema\/logo\/image\/\",\"url\":\"https:\/\/transrapit.com\/wp-content\/uploads\/2024\/05\/trans-rapit-blanc-png.png\",\"contentUrl\":\"https:\/\/transrapit.com\/wp-content\/uploads\/2024\/05\/trans-rapit-blanc-png.png\",\"width\":300,\"height\":150,\"caption\":\"Transports Rapit\"},\"image\":{\"@id\":\"https:\/\/transrapit.com\/es\/#\/schema\/logo\/image\/\"}}]}<\/script>\n<!-- \/ Yoast SEO plugin. -->","yoast_head_json":{"title":"Servicio de paqueter\u00eda Lleida","description":"Especializados en transporte refrigerado, Transvia Rapit asegura la integridad de tus productos en Lleida y Pirineo. Calidad y frescura garantizadas en cada env\u00edo.","robots":{"index":"index","follow":"follow","max-snippet":"max-snippet:-1","max-image-preview":"max-image-preview:large","max-video-preview":"max-video-preview:-1"},"canonical":"https:\/\/transrapit.com\/es\/sobre-nosotros\/","og_locale":"es_ES","og_type":"article","og_title":"Servicio de paqueter\u00eda Lleida","og_description":"Especializados en transporte refrigerado, Transvia Rapit asegura la integridad de tus productos en Lleida y Pirineo. Calidad y frescura garantizadas en cada env\u00edo.","og_url":"https:\/\/transrapit.com\/es\/sobre-nosotros\/","og_site_name":"Transports Rapit","article_modified_time":"2024-06-13T09:55:51+00:00","og_image":[{"url":"https:\/\/transrapit.com\/wp-content\/uploads\/2024\/05\/iconos-valores-3.png"}],"twitter_card":"summary_large_image","twitter_misc":{"Tiempo de lectura":"2 minutos"},"schema":{"@context":"https:\/\/schema.org","@graph":[{"@type":"WebPage","@id":"https:\/\/transrapit.com\/es\/sobre-nosotros\/","url":"https:\/\/transrapit.com\/es\/sobre-nosotros\/","name":"Servicio de paqueter\u00eda Lleida","isPartOf":{"@id":"https:\/\/transrapit.com\/es\/#website"},"primaryImageOfPage":{"@id":"https:\/\/transrapit.com\/es\/sobre-nosotros\/#primaryimage"},"image":{"@id":"https:\/\/transrapit.com\/es\/sobre-nosotros\/#primaryimage"},"thumbnailUrl":"https:\/\/transrapit.com\/wp-content\/uploads\/2024\/05\/iconos-valores-3.png","datePublished":"2024-05-08T12:49:58+00:00","dateModified":"2024-06-13T09:55:51+00:00","description":"Especializados en transporte refrigerado, Transvia Rapit asegura la integridad de tus productos en Lleida y Pirineo. Calidad y frescura garantizadas en cada env\u00edo.","breadcrumb":{"@id":"https:\/\/transrapit.com\/es\/sobre-nosotros\/#breadcrumb"},"inLanguage":"es","potentialAction":[{"@type":"ReadAction","target":["https:\/\/transrapit.com\/es\/sobre-nosotros\/"]}]},{"@type":"ImageObject","inLanguage":"es","@id":"https:\/\/transrapit.com\/es\/sobre-nosotros\/#primaryimage","url":"https:\/\/transrapit.com\/wp-content\/uploads\/2024\/05\/iconos-valores-3.png","contentUrl":"https:\/\/transrapit.com\/wp-content\/uploads\/2024\/05\/iconos-valores-3.png"},{"@type":"BreadcrumbList","@id":"https:\/\/transrapit.com\/es\/sobre-nosotros\/#breadcrumb","itemListElement":[{"@type":"ListItem","position":1,"name":"Portada","item":"https:\/\/transrapit.com\/es\/"},{"@type":"ListItem","position":2,"name":"Sobre nosotros"}]},{"@type":"WebSite","@id":"https:\/\/transrapit.com\/es\/#website","url":"https:\/\/transrapit.com\/es\/","name":"Transports Rapit","description":"","publisher":{"@id":"https:\/\/transrapit.com\/es\/#organization"},"potentialAction":[{"@type":"SearchAction","target":{"@type":"EntryPoint","urlTemplate":"https:\/\/transrapit.com\/es\/?s={search_term_string}"},"query-input":{"@type":"PropertyValueSpecification","valueRequired":true,"valueName":"search_term_string"}}],"inLanguage":"es"},{"@type":"Organization","@id":"https:\/\/transrapit.com\/es\/#organization","name":"Transports Rapit","url":"https:\/\/transrapit.com\/es\/","logo":{"@type":"ImageObject","inLanguage":"es","@id":"https:\/\/transrapit.com\/es\/#\/schema\/logo\/image\/","url":"https:\/\/transrapit.com\/wp-content\/uploads\/2024\/05\/trans-rapit-blanc-png.png","contentUrl":"https:\/\/transrapit.com\/wp-content\/uploads\/2024\/05\/trans-rapit-blanc-png.png","width":300,"height":150,"caption":"Transports Rapit"},"image":{"@id":"https:\/\/transrapit.com\/es\/#\/schema\/logo\/image\/"}}]}},"_links":{"self":[{"href":"https:\/\/transrapit.com\/es\/wp-json\/wp\/v2\/pages\/329"}],"collection":[{"href":"https:\/\/transrapit.com\/es\/wp-json\/wp\/v2\/pages"}],"about":[{"href":"https:\/\/transrapit.com\/es\/wp-json\/wp\/v2\/types\/page"}],"author":[{"embeddable":true,"href":"https:\/\/transrapit.com\/es\/wp-json\/wp\/v2\/users\/4"}],"replies":[{"embeddable":true,"href":"https:\/\/transrapit.com\/es\/wp-json\/wp\/v2\/comments?post=329"}],"version-history":[{"count":27,"href":"https:\/\/transrapit.com\/es\/wp-json\/wp\/v2\/pages\/329\/revisions"}],"predecessor-version":[{"id":758,"href":"https:\/\/transrapit.com\/es\/wp-json\/wp\/v2\/pages\/329\/revisions\/758"}],"wp:attachment":[{"href":"https:\/\/transrapit.com\/es\/wp-json\/wp\/v2\/media?parent=329"}],"curies":[{"name":"wp","href":"https:\/\/api.w.org\/{rel}","templated":true}]}}