{"id":289,"date":"2024-05-08T16:53:07","date_gmt":"2024-05-08T14:53:07","guid":{"rendered":"https:\/\/transrapit.panelserver.eu\/avis-legal\/"},"modified":"2024-06-18T10:10:19","modified_gmt":"2024-06-18T08:10:19","slug":"aviso-legal","status":"publish","type":"page","link":"https:\/\/transrapit.com\/es\/aviso-legal\/","title":{"rendered":"Aviso legal"},"content":{"rendered":"\t\t<div data-elementor-type=\"wp-page\" data-elementor-id=\"289\" class=\"elementor elementor-289 elementor-157\" data-elementor-post-type=\"page\">\n\t\t\t\t<div class=\"elementor-element elementor-element-4556d74 e-flex e-con-boxed e-con e-parent\" data-id=\"4556d74\" data-element_type=\"container\">\n\t\t\t\t\t<div class=\"e-con-inner\">\n\t\t\t\t<div class=\"elementor-element elementor-element-eaf9ba4 elementor-widget elementor-widget-heading\" data-id=\"eaf9ba4\" data-element_type=\"widget\" data-widget_type=\"heading.default\">\n\t\t\t\t<div class=\"elementor-widget-container\">\n\t\t\t<h2 class=\"elementor-heading-title elementor-size-default\">Aviso legal<\/h2>\t\t<\/div>\n\t\t\t\t<\/div>\n\t\t\t\t<div class=\"elementor-element elementor-element-f559fa1 elementor-widget elementor-widget-text-editor\" data-id=\"f559fa1\" data-element_type=\"widget\" data-widget_type=\"text-editor.default\">\n\t\t\t\t<div class=\"elementor-widget-container\">\n\t\t\t\t\t\t\t<p><span style=\"font-weight: 400;\">Con el fin de dar cumplimiento en el art\u00edculo 10 de la Ley 34\/2002 de Servicios de la Sociedad de la Informaci\u00f3n y del Comercio Electr\u00f3nico, informamos a los usuarios de los nuestro datos:<\/span><\/p><p><span style=\"font-weight: 400;\">Denominaci\u00f3n Social: TRANSVIA RAPIT SL <\/span><\/p><p><span style=\"font-weight: 400;\">Domicilio Social: SL CALLE PLIND CAMI DE LOS FRAILES H PARCO, 35. 25190, LLEIDA ESPA\u00d1A.<\/span><\/p><p><span style=\"font-weight: 400;\">NIF: B25312497<\/span><\/p><p><span style=\"font-weight: 400;\">Tel\u00e9fono: 973 257 041<\/span><\/p><p><span style=\"font-weight: 400;\">E-mail: rapit@transrapit.com<\/span><\/p><p><span style=\"font-weight: 400;\">Sitio web: https:\/\/transrapit.com\/<\/span><\/p><p>\u00a0<\/p><p><span style=\"font-weight: 400;\">1.- OBJETO<\/span><\/p><p><span style=\"font-weight: 400;\">TRANSVIA RAPIT SL (desde ahora tambi\u00e9n el prestamista) como responsable del sitio web, pose a disposici\u00f3n de los usuarios el presente documento, que regula el uso de la p\u00e1gina web https:\/\/transrapit.com\/, con el cual pretendemos dar cumplimiento a las obligaciones que dispone la Ley 34 \/ 2002, de Servicios de la Sociedad de la Informaci\u00f3n y de E-commerce (LSSICE o LSSI), as\u00ed como informar a todos los usuarios del sitio web respecto de cu\u00e1les son las condiciones de uso del sitio web.<\/span><\/p><p><span style=\"font-weight: 400;\">A trav\u00e9s del web, TRANSVIA RAPIT SL facilita a los usuarios el acceso y utilizaci\u00f3n de diferentes servicios y contenidos puestos a disposici\u00f3n a trav\u00e9s del web.<\/span><\/p><p><span style=\"font-weight: 400;\">Toda persona que acceda en este web asume el papel de usuario (en lo sucesivo el usuario), e implica la aceptaci\u00f3n total y sin reservas de todas y cada una de las disposiciones incluidas en este aviso legal, as\u00ed como a cualquier otras disposiciones legales que fueran de aplicaci\u00f3n.<\/span><\/p><p><span style=\"font-weight: 400;\">Como usuarios, tienen que leer atentamente este Aviso Legal en cualquier de las ocasiones que entren al web, puesto que esta puede sufrir modificaciones puesto que el prestamista se reserva el derecho a modificar cualquier tipo de informaci\u00f3n que pudiera aparecer en la web, sin que haya la obligaci\u00f3n de avisar o poner en conocimiento de los usuarios estas obligaciones, siente suficientes la publicaci\u00f3n al sitio web del prestamista.<\/span><\/p><p>\u00a0<\/p><p><span style=\"font-weight: 400;\">2.- CONDICIONES De ACCESO Y USO DEL WEB.<\/span><\/p><p><span style=\"font-weight: 400;\">2.1. Car\u00e1cter gratuito del acceso y uso del web.<\/span><\/p><p><span style=\"font-weight: 400;\">La prestaci\u00f3n de los servicios por parte de TRANSVIA RAPIT SL tiene car\u00e1cter gratuito para todos los usuarios. Sin embargo, algunos de los servicios suministrados por el prestamista a trav\u00e9s del web est\u00e1n sujetos al pago de un precio determinado a las condiciones generales de contrataci\u00f3n.<\/span><\/p><p><span style=\"font-weight: 400;\">2.2. Registro del Usuario.<\/span><\/p><p><span style=\"font-weight: 400;\">Con car\u00e1cter general la prestaci\u00f3n de los Servicios no exige la previa suscripci\u00f3n o registro de los Usuarios. Aun as\u00ed, TRANSVIA RAPIT SL condiciona el uso de algunos de los servicios a la previa complementaci\u00f3n del correspondiente registro de Usuario. Este registro se efectuar\u00e1 en la forma expresamente indicada en la propia secci\u00f3n del servicio.<\/span><\/p><p><span style=\"font-weight: 400;\">2.3. Veracidad de la informaci\u00f3n.<\/span><\/p><p><span style=\"font-weight: 400;\">Toda la informaci\u00f3n que facilita el Usuario tiene que ser veraz. A estos efectos, el Usuario garantiza la autenticidad de los datos comunicados a trav\u00e9s de los formularios para la suscripci\u00f3n de los Servicios. Ser\u00e1 responsabilidad del Usuario mantener toda la informaci\u00f3n facilitada a TRANSVIA RAPIT SL permanentemente actualizada de forma que responda, en cada momento, a su situaci\u00f3n real. En todo caso, el Usuario ser\u00e1 el \u00fanico responsable de las manifestaciones falsas o inexactas que realice y de los perjuicios que cause a prestamista o a terceros.<\/span><\/p><p><span style=\"font-weight: 400;\">2.4. Menores de edad.<\/span><\/p><p><span style=\"font-weight: 400;\">Para el uso de los servicios, los menores de edad tienen que obtener siempre previamente el consentimiento de los padres, tutores o representantes legales, responsables \u00faltimos de todos los actos realizados por los menores a su cargo. La responsabilidad en la determinaci\u00f3n de contenidos concretos a los cuales acceden los menores corresponde a aquellos, es por eso que si acceden a contenidos no apropiados por Internet, se tendr\u00e1n que establecer en sus ordenadores mecanismos, en particular programas inform\u00e1ticos, filtros y bloqueos, que permitan limitar los contenidos disponibles y, a pesar de que no sean infalibles, son de especial utilidad para controlar y restringir los materiales a los cuales pueden acceder los menores.<\/span><\/p><p><span style=\"font-weight: 400;\">2.5. Obligaci\u00f3n de hacer un uso correcto de la web.<\/span><\/p><p><span style=\"font-weight: 400;\">El Usuario se compromete a utilizar la web en conformidad con la Ley y al presente Aviso Legal, as\u00ed como a la moral y a las buenas costumbres. A tal efecto, el Usuario se abstendr\u00e1 de utilizar la p\u00e1gina con fines il\u00edcitas o prohibidas, lesivas de derechos e intereses de terceros, o que de cualquier forma puedan da\u00f1ar, inutilizar, sobrecargar, deteriorar o impedir la normal utilizaci\u00f3n de equipos inform\u00e1ticos o documentos, archivos y toda clase de contenidos almacenados en cualquier equipo inform\u00e1tico del prestamista.<\/span><\/p><p><span style=\"font-weight: 400;\">En particular, y a t\u00edtulo indicativo pero no exhaustivo, el Usuario se compromete a no transmitir, difundir o poner a disposici\u00f3n de terceros informaciones, datos, contenidos, mensajes, gr\u00e1ficos, dibujos, archivos de sonido o imagen, fotograf\u00edas, grabaciones, software y, en general, cualquier clase de material que:<\/span><\/p><p><span style=\"font-weight: 400;\">(A) sea contraria, desprecie o atente contra los derechos fundamentales y las libertades p\u00fablicas reconocidas constitucionalmente, en tratados internacionales y otras normas vigentes;<\/span><\/p><p><span style=\"font-weight: 400;\">(B) induzca, incite o promueva actuaciones delictivas, denigrantes, difamatorias, violentas o, en general, contrarias a la ley, a la moral y a los el orden p\u00fablico;<\/span><\/p><p><span style=\"font-weight: 400;\">(C) induzca, incite o promueva actuaciones, actitudes o pensamientos discriminatorios por raz\u00f3n de sexo, raza, religi\u00f3n, creencias, edad o condici\u00f3n;<\/span><\/p><p><span style=\"font-weight: 400;\">(D) sea contrario al derecho al honor, a la intimidad personal o familiar oa la propia imagen de las personas;<\/span><\/p><p><span style=\"font-weight: 400;\">(E) de cualquier manera perjudique la credibilidad del prestamista o de terceros; y<\/span><\/p><p><span style=\"font-weight: 400;\">(F) constituya publicidad il\u00edcita, enga\u00f1osa o desleal.<\/span><\/p><p>\u00a0<\/p><p><span style=\"font-weight: 400;\">3.- EXCLUSI\u00d3N DE GARANT\u00cdAS Y RESPONSABILIDAD.<\/span><\/p><p><span style=\"font-weight: 400;\">El prestamista se exime de cualquier tipo de responsabilidad derivada de la informaci\u00f3n publicada a nuestro sitio web, siempre que esta informaci\u00f3n haya sido manipulada o introducida por un tercero ajeno.<\/span><\/p><p><span style=\"font-weight: 400;\">Este web ha sido revisada y probada para que funcione correctamente. En principio, se puede garantizar el correcto funcionamiento los 365 d\u00edas del a\u00f1o, 24 horas en el d\u00eda. Sin embargo, el prestamista no descarta la posibilidad que existan determinados errores de programaci\u00f3n, o que sucedan causas de fuerza mayor, cat\u00e1strofes naturales, vagos, o circunstancias parecidas que hagan imposible el acceso a la p\u00e1gina web.<\/span><\/p><p><span style=\"font-weight: 400;\">TRANSVIA RAPIT SL no otorga ninguna garant\u00eda ni se hace responsable, en ning\u00fan caso, de los da\u00f1os y perjuicios de cualquier naturaleza que puedan salir a colaci\u00f3n de la carencia de disponibilidad, mantenimiento y efectivo funcionamiento del web o de sus servicios y contenidos; de la existencia de virus, programas maliciosos o lesivos en los contenidos; del uso il\u00edcito, negligente, fraudulento o contrario a este Aviso Legal y condiciones de uso; o de la falta de licitud, calidad, fiabilidad, utilidad y disponibilidad de los servicios prestados por terceros y ademanes a disposici\u00f3n de los usuarios al sitio web.<\/span><\/p><p><span style=\"font-weight: 400;\">El prestamista no se hace responsable en ning\u00fan concepto de los da\u00f1os que puedan dimanar del uso ilegal o indebido de la presente p\u00e1gina web.<\/span><\/p><p>\u00a0<\/p><p><span style=\"font-weight: 400;\">4.- COOKIES<\/span><\/p><p><span style=\"font-weight: 400;\">El sitio web de prestamista puede utilizar cookies (peque\u00f1os archivos de informaci\u00f3n que el servidor env\u00eda al ordenador de quien accede en la p\u00e1gina) para llevar a cabo determinadas funciones que son consideradas imprescindibles para el correcto funcionamiento y visualizaci\u00f3n del lugar. Las cookies utilizadas tienen, en todo caso, car\u00e1cter temporal, con la \u00fanica finalidad de hacer m\u00e1s eficaz la navegaci\u00f3n, y desaparecen a la acabar la sesi\u00f3n del usuario.<\/span><\/p><p><span style=\"font-weight: 400;\">En ning\u00fan caso se utilizar\u00e1n las cookies para recoger informaci\u00f3n de car\u00e1cter personal.<\/span><\/p><p><span style=\"font-weight: 400;\">Para mayor informaci\u00f3n, ver nuestra Pol\u00edtica de Cookies.<\/span><\/p><p>\u00a0<\/p><p><span style=\"font-weight: 400;\">5.- ENLACES (LINKS)<\/span><\/p><p><span style=\"font-weight: 400;\">Desde el sitio web es posible que se redirija a contenidos de terceras webs. Dado que desde el web no podemos controlar siempre los contenidos introducidos por los terceros, TRANSVIA RAPIT SL no asume ning\u00fan tipo de responsabilidad respecto a estos contenidos. En todo caso, el prestamista manifiesta que proceder\u00e1 a la retirada inmediata de cualquier contenido que pudiera contravenir la legislaci\u00f3n nacional o internacional, la moral o el orden p\u00fablico, procediendo a la retirada inmediata de la redirecci\u00f3n a estas webs, poniendo en conocimiento de las autoridades competentes el contenido en cuesti\u00f3n.<\/span><\/p><p><span style=\"font-weight: 400;\">El prestamista no se responsabiliza de la informaci\u00f3n y contenidos almacenados, a t\u00edtulo enunciativo pero no limitante, en foros, chats, generadores de blogs, comentarios, redes sociales o cualquier otro medio que permita a terceros publicar contenidos de forma independiente a la p\u00e1gina web del prestamista. Sin embargo y en cumplimiento del que dispone el arte. 11 y 16 de la LSSICE, el prestamista se pone a disposici\u00f3n de todos los usuarios, autoridades y fuerzas de seguridad, y colaborando de forma activa en la retirada o, cuando sea necesario, el bloqueo de todos aquellos contenidos que puedan afectar o contravenir la legislaci\u00f3n nacional, o internacional, derechos de terceros o la moral y el orden p\u00fablico. En caso de que el usuario considere que puede existir alg\u00fan contenido que pudiera ser susceptible de esta clasificaci\u00f3n, se ruega lo haga saber de forma inmediata al administrador del sitio web.<\/span><\/p><p>\u00a0<\/p><p><span style=\"font-weight: 400;\">6.- PROTECCI\u00d3N DE DATOS PERSONALES<\/span><\/p><p><span style=\"font-weight: 400;\">El prestamista est\u00e1 profundamente comprometido con el cumplimiento de la normativa de protecci\u00f3n de datos personales y garantiza el cumplimiento \u00edntegro de las obligaciones dispuestas, as\u00ed como la implementaci\u00f3n de las medidas de seguridad dispuestas al Reglamento Europeo de Protecci\u00f3n de datos y la normativa espa\u00f1ola de protecci\u00f3n de datos.<\/span><\/p><p><span style=\"font-weight: 400;\">Para mayor informaci\u00f3n, ver nuestra Pol\u00edtica de Privacidad.<\/span><\/p><p>\u00a0<\/p><p><span style=\"font-weight: 400;\">7.- REDES SOCIALES<\/span><\/p><p><span style=\"font-weight: 400;\">Lo informamos que TRANSVIA RAPIT SL puede tener presencia en redes sociales. El tratamiento de los datos que se lleve a cabo de las personas que se hagan seguidoras en las redes sociales (y \/ o realicen cualquier v\u00ednculo o acci\u00f3n de conexi\u00f3n a trav\u00e9s de las redes sociales) de las p\u00e1ginas oficiales de TRANSVIA RAPIT SL se regir\u00e1 por este apartado, as\u00ed como por aquellas condiciones de uso, pol\u00edticas de privacidad y normativas de acceso que pertenezcan en la red social que proceda en cada caso y aceptadas previamente por el usuario.<\/span><\/p><p><span style=\"font-weight: 400;\">TRANSVIA RAPIT SL tratar\u00e1 sus datos con las finalidades de administrar correctamente su presencia en la red social, informando de actividades, productos o servicios de prestamista, as\u00ed como para cualquier otra finalidad que las normativas de las Redes Sociales permitan.<\/span><\/p><p><span style=\"font-weight: 400;\">Queda prohibida la publicaci\u00f3n de contenidos:<\/span><\/p><p><span style=\"font-weight: 400;\">Que sean presuntamente il\u00edcitos por la normativa nacional, comunitaria o internacional o que realicen actividades presuntamente il\u00edcitas o contravengan los principios de la buena fe.<\/span><\/p><p><span style=\"font-weight: 400;\">Que atenten contra los derechos fundamentales de las personas, falten a la cortes\u00eda en la red, molesten o puedan generar opiniones negativas en nuestros usuarios o terceros y en general cualquiera sean los contenidos que TRANSVIA RAPIT SL considere inapropiados.<\/span><\/p><p><span style=\"font-weight: 400;\">Y en general que contravengan los principios de legalidad, honradez, responsabilidad, protecci\u00f3n de la dignidad humana, protecci\u00f3n de menores, protecci\u00f3n del orden p\u00fablico, la protecci\u00f3n de la vida privada, la protecci\u00f3n del consumidor y los derechos de propiedad intelectual e industrial.<\/span><\/p><p><span style=\"font-weight: 400;\">As\u00ed mismo, TRANSVIA RAPIT SL se reserva la potestad de retirar, sin previo aviso de la p\u00e1gina web o de la red social corporativa aquellos contenidos que se consideran inadecuados.<\/span><\/p><p><span style=\"font-weight: 400;\">En todo caso, si V\u00e8. remite informaci\u00f3n personal a trav\u00e9s de la red social, TRANSVIA RAPIT SL quedar\u00e1 exento de responsabilidad en relaci\u00f3n con las medidas de seguridad aplicables a la presente plataforma, y el usuario en caso de querer conocerlas, consultar las correspondientes condiciones particulares de la red en cuesti\u00f3n.<\/span><\/p><p>\u00a0<\/p><p><span style=\"font-weight: 400;\">8.- PROPIEDAD INTELECTUAL E INDUSTRIAL<\/span><\/p><p><span style=\"font-weight: 400;\">El sitio web, incluyendo a t\u00edtulo enunciativo pero no limitativo la programaci\u00f3n, edici\u00f3n, compilaci\u00f3n y otros elementos necesarios para su funcionamiento, los dise\u00f1os, logotipos, textos, fotograf\u00edas y \/ o gr\u00e1ficos son propiedad del prestamista o, en caso de que fuera necesario, dispone de la licencia o autorizaci\u00f3n expr\u00e9s por parte de los autores. Todos los contenidos del sitio web se encuentran debidamente protegidos por la normativa de propiedad intelectual e industrial.<\/span><\/p><p><span style=\"font-weight: 400;\">Independientemente de la finalidad por la cual fueran destinados, la reproducci\u00f3n total o parcial, uso, distribuci\u00f3n y comunicaci\u00f3n p\u00fablica requieren de la autorizaci\u00f3n escrita previa por parte del prestamista. Cualquier uso no autorizado previamente por parte del prestamista ser\u00e1 considerado un incumplimiento grave de los derechos de propiedad intelectual o industrial del autor.<\/span><\/p><p><span style=\"font-weight: 400;\">Los dise\u00f1os, logotipos, textos y \/ o gr\u00e1ficos ajenos al prestamista y que puedan aparecer en el sitio web, pertenecen a sus respectivos propietarios, siente ellos mismos responsables de cualquier posible controversia que pudiera acontecer respecto a los mismos. En todo caso, el prestamista cuenta con la autorizaci\u00f3n expr\u00e9s y previa por parte de los mismos.<\/span><\/p><p><span style=\"font-weight: 400;\">El prestamista reconoce a favor de sus titulares los correspondientes derechos de propiedad industrial e intelectual, no implicando la menci\u00f3n o aparici\u00f3n en el sitio web, de la existencia de derechos o ninguna responsabilidad del prestamista sobre los mismos, como tampoco respaldo, patrocinio o recomendaci\u00f3n por parte de \u00e9l mismo.<\/span><\/p><p><span style=\"font-weight: 400;\">Para realizar cualquier tipo de observaci\u00f3n respecto a posibles incumplimientos de los derechos de propiedad intelectual o industrial, as\u00ed como sobre cualquier de los contenidos del sitio web, puede hacerlo mediante el correo electr\u00f3nico arriba rese\u00f1ado.<\/span><\/p><p>\u00a0<\/p><p><span style=\"font-weight: 400;\">9.- LEY APLICABLE Y JURISDICCI\u00d3N<\/span><\/p><p><span style=\"font-weight: 400;\">Para la resoluci\u00f3n de las controversias o cuestiones relacionadas con la presente p\u00e1gina web o de las actividades en esta desarrolladas, ser\u00e1 de aplicaci\u00f3n la legislaci\u00f3n espa\u00f1ola, a la cual se someten expresamente las partes, siente competentes para la resoluci\u00f3n de todos los conflictos derivados o relacionados con su uso los Juzgados y Tribunales de Lleida.<\/span><\/p>\t\t\t\t\t\t<\/div>\n\t\t\t\t<\/div>\n\t\t\t\t\t<\/div>\n\t\t\t\t<\/div>\n\t\t\t\t<\/div>\n\t\t","protected":false},"excerpt":{"rendered":"<p>Con el fin de dar cumplimiento en el art\u00edculo 10 de la Ley 34\/2002 de Servicios de la Sociedad de la Informaci\u00f3n y del Comercio Electr\u00f3nico, informamos a los usuarios de los nuestro datos: Denominaci\u00f3n Social: TRANSVIA RAPIT SL Domicilio Social: SL CALLE PLIND CAMI DE LOS FRAILES H PARCO, 35. 25190, LLEIDA ESPA\u00d1A. NIF: [&hellip;]<\/p>\n","protected":false},"author":4,"featured_media":0,"parent":0,"menu_order":0,"comment_status":"closed","ping_status":"closed","template":"elementor_header_footer","meta":{"footnotes":""},"yoast_head":"<!-- This site is optimized with the Yoast SEO plugin v23.9 - https:\/\/yoast.com\/wordpress\/plugins\/seo\/ -->\n<title>Aviso legal - Transports Rapit<\/title>\n<meta name=\"robots\" content=\"index, follow, max-snippet:-1, max-image-preview:large, max-video-preview:-1\" \/>\n<link rel=\"canonical\" href=\"https:\/\/transrapit.com\/es\/aviso-legal\/\" \/>\n<meta property=\"og:locale\" content=\"es_ES\" \/>\n<meta property=\"og:type\" content=\"article\" \/>\n<meta property=\"og:title\" content=\"Aviso legal - Transports Rapit\" \/>\n<meta property=\"og:description\" content=\"Con el fin de dar cumplimiento en el art\u00edculo 10 de la Ley 34\/2002 de Servicios de la Sociedad de la Informaci\u00f3n y del Comercio Electr\u00f3nico, informamos a los usuarios de los nuestro datos: Denominaci\u00f3n Social: TRANSVIA RAPIT SL Domicilio Social: SL CALLE PLIND CAMI DE LOS FRAILES H PARCO, 35. 25190, LLEIDA ESPA\u00d1A. NIF: [&hellip;]\" \/>\n<meta property=\"og:url\" content=\"https:\/\/transrapit.com\/es\/aviso-legal\/\" \/>\n<meta property=\"og:site_name\" content=\"Transports Rapit\" \/>\n<meta property=\"article:modified_time\" content=\"2024-06-18T08:10:19+00:00\" \/>\n<meta name=\"twitter:card\" content=\"summary_large_image\" \/>\n<meta name=\"twitter:label1\" content=\"Tiempo de lectura\" \/>\n\t<meta name=\"twitter:data1\" content=\"10 minutos\" \/>\n<script type=\"application\/ld+json\" class=\"yoast-schema-graph\">{\"@context\":\"https:\/\/schema.org\",\"@graph\":[{\"@type\":\"WebPage\",\"@id\":\"https:\/\/transrapit.com\/es\/aviso-legal\/\",\"url\":\"https:\/\/transrapit.com\/es\/aviso-legal\/\",\"name\":\"Aviso legal - Transports Rapit\",\"isPartOf\":{\"@id\":\"https:\/\/transrapit.com\/es\/#website\"},\"datePublished\":\"2024-05-08T14:53:07+00:00\",\"dateModified\":\"2024-06-18T08:10:19+00:00\",\"breadcrumb\":{\"@id\":\"https:\/\/transrapit.com\/es\/aviso-legal\/#breadcrumb\"},\"inLanguage\":\"es\",\"potentialAction\":[{\"@type\":\"ReadAction\",\"target\":[\"https:\/\/transrapit.com\/es\/aviso-legal\/\"]}]},{\"@type\":\"BreadcrumbList\",\"@id\":\"https:\/\/transrapit.com\/es\/aviso-legal\/#breadcrumb\",\"itemListElement\":[{\"@type\":\"ListItem\",\"position\":1,\"name\":\"Portada\",\"item\":\"https:\/\/transrapit.com\/es\/\"},{\"@type\":\"ListItem\",\"position\":2,\"name\":\"Aviso legal\"}]},{\"@type\":\"WebSite\",\"@id\":\"https:\/\/transrapit.com\/es\/#website\",\"url\":\"https:\/\/transrapit.com\/es\/\",\"name\":\"Transports Rapit\",\"description\":\"\",\"publisher\":{\"@id\":\"https:\/\/transrapit.com\/es\/#organization\"},\"potentialAction\":[{\"@type\":\"SearchAction\",\"target\":{\"@type\":\"EntryPoint\",\"urlTemplate\":\"https:\/\/transrapit.com\/es\/?s={search_term_string}\"},\"query-input\":{\"@type\":\"PropertyValueSpecification\",\"valueRequired\":true,\"valueName\":\"search_term_string\"}}],\"inLanguage\":\"es\"},{\"@type\":\"Organization\",\"@id\":\"https:\/\/transrapit.com\/es\/#organization\",\"name\":\"Transports Rapit\",\"url\":\"https:\/\/transrapit.com\/es\/\",\"logo\":{\"@type\":\"ImageObject\",\"inLanguage\":\"es\",\"@id\":\"https:\/\/transrapit.com\/es\/#\/schema\/logo\/image\/\",\"url\":\"https:\/\/transrapit.com\/wp-content\/uploads\/2024\/05\/trans-rapit-blanc-png.png\",\"contentUrl\":\"https:\/\/transrapit.com\/wp-content\/uploads\/2024\/05\/trans-rapit-blanc-png.png\",\"width\":300,\"height\":150,\"caption\":\"Transports Rapit\"},\"image\":{\"@id\":\"https:\/\/transrapit.com\/es\/#\/schema\/logo\/image\/\"}}]}<\/script>\n<!-- \/ Yoast SEO plugin. -->","yoast_head_json":{"title":"Aviso legal - Transports Rapit","robots":{"index":"index","follow":"follow","max-snippet":"max-snippet:-1","max-image-preview":"max-image-preview:large","max-video-preview":"max-video-preview:-1"},"canonical":"https:\/\/transrapit.com\/es\/aviso-legal\/","og_locale":"es_ES","og_type":"article","og_title":"Aviso legal - Transports Rapit","og_description":"Con el fin de dar cumplimiento en el art\u00edculo 10 de la Ley 34\/2002 de Servicios de la Sociedad de la Informaci\u00f3n y del Comercio Electr\u00f3nico, informamos a los usuarios de los nuestro datos: Denominaci\u00f3n Social: TRANSVIA RAPIT SL Domicilio Social: SL CALLE PLIND CAMI DE LOS FRAILES H PARCO, 35. 25190, LLEIDA ESPA\u00d1A. NIF: [&hellip;]","og_url":"https:\/\/transrapit.com\/es\/aviso-legal\/","og_site_name":"Transports Rapit","article_modified_time":"2024-06-18T08:10:19+00:00","twitter_card":"summary_large_image","twitter_misc":{"Tiempo de lectura":"10 minutos"},"schema":{"@context":"https:\/\/schema.org","@graph":[{"@type":"WebPage","@id":"https:\/\/transrapit.com\/es\/aviso-legal\/","url":"https:\/\/transrapit.com\/es\/aviso-legal\/","name":"Aviso legal - Transports Rapit","isPartOf":{"@id":"https:\/\/transrapit.com\/es\/#website"},"datePublished":"2024-05-08T14:53:07+00:00","dateModified":"2024-06-18T08:10:19+00:00","breadcrumb":{"@id":"https:\/\/transrapit.com\/es\/aviso-legal\/#breadcrumb"},"inLanguage":"es","potentialAction":[{"@type":"ReadAction","target":["https:\/\/transrapit.com\/es\/aviso-legal\/"]}]},{"@type":"BreadcrumbList","@id":"https:\/\/transrapit.com\/es\/aviso-legal\/#breadcrumb","itemListElement":[{"@type":"ListItem","position":1,"name":"Portada","item":"https:\/\/transrapit.com\/es\/"},{"@type":"ListItem","position":2,"name":"Aviso legal"}]},{"@type":"WebSite","@id":"https:\/\/transrapit.com\/es\/#website","url":"https:\/\/transrapit.com\/es\/","name":"Transports Rapit","description":"","publisher":{"@id":"https:\/\/transrapit.com\/es\/#organization"},"potentialAction":[{"@type":"SearchAction","target":{"@type":"EntryPoint","urlTemplate":"https:\/\/transrapit.com\/es\/?s={search_term_string}"},"query-input":{"@type":"PropertyValueSpecification","valueRequired":true,"valueName":"search_term_string"}}],"inLanguage":"es"},{"@type":"Organization","@id":"https:\/\/transrapit.com\/es\/#organization","name":"Transports Rapit","url":"https:\/\/transrapit.com\/es\/","logo":{"@type":"ImageObject","inLanguage":"es","@id":"https:\/\/transrapit.com\/es\/#\/schema\/logo\/image\/","url":"https:\/\/transrapit.com\/wp-content\/uploads\/2024\/05\/trans-rapit-blanc-png.png","contentUrl":"https:\/\/transrapit.com\/wp-content\/uploads\/2024\/05\/trans-rapit-blanc-png.png","width":300,"height":150,"caption":"Transports Rapit"},"image":{"@id":"https:\/\/transrapit.com\/es\/#\/schema\/logo\/image\/"}}]}},"_links":{"self":[{"href":"https:\/\/transrapit.com\/es\/wp-json\/wp\/v2\/pages\/289"}],"collection":[{"href":"https:\/\/transrapit.com\/es\/wp-json\/wp\/v2\/pages"}],"about":[{"href":"https:\/\/transrapit.com\/es\/wp-json\/wp\/v2\/types\/page"}],"author":[{"embeddable":true,"href":"https:\/\/transrapit.com\/es\/wp-json\/wp\/v2\/users\/4"}],"replies":[{"embeddable":true,"href":"https:\/\/transrapit.com\/es\/wp-json\/wp\/v2\/comments?post=289"}],"version-history":[{"count":4,"href":"https:\/\/transrapit.com\/es\/wp-json\/wp\/v2\/pages\/289\/revisions"}],"predecessor-version":[{"id":297,"href":"https:\/\/transrapit.com\/es\/wp-json\/wp\/v2\/pages\/289\/revisions\/297"}],"wp:attachment":[{"href":"https:\/\/transrapit.com\/es\/wp-json\/wp\/v2\/media?parent=289"}],"curies":[{"name":"wp","href":"https:\/\/api.w.org\/{rel}","templated":true}]}}